{"id":329,"date":"2020-07-05T00:16:38","date_gmt":"2020-07-04T22:16:38","guid":{"rendered":"https:\/\/ideattack.com\/vn\/?page_id=329"},"modified":"2020-09-25T10:50:43","modified_gmt":"2020-09-25T08:50:43","slug":"profile","status":"publish","type":"page","link":"https:\/\/www.ideattack.com\/vn\/profile\/","title":{"rendered":"H\u1ed2 S\u01a0"},"content":{"rendered":"\t\t<div data-elementor-type=\"wp-page\" data-elementor-id=\"329\" class=\"elementor elementor-329\" data-elementor-settings=\"[]\">\n\t\t\t\t\t\t<div class=\"elementor-inner\">\n\t\t\t\t\t\t\t<div class=\"elementor-section-wrap\">\n\t\t\t\t\t\t\t<section class=\"elementor-section elementor-top-section elementor-element elementor-element-09b90b7 elementor-section-boxed elementor-section-height-default elementor-section-height-default\" data-id=\"09b90b7\" data-element_type=\"section\">\n\t\t\t\t\t\t<div class=\"elementor-container elementor-column-gap-default\">\n\t\t\t\t\t\t\t<div class=\"elementor-row\">\n\t\t\t\t\t<div class=\"elementor-column elementor-col-50 elementor-top-column elementor-element elementor-element-52de7f7\" data-id=\"52de7f7\" data-element_type=\"column\">\n\t\t\t<div class=\"elementor-column-wrap elementor-element-populated\">\n\t\t\t\t\t\t\t<div class=\"elementor-widget-wrap\">\n\t\t\t\t\t\t<div class=\"elementor-element elementor-element-f8a4290 elementor-widget elementor-widget-image\" data-id=\"f8a4290\" data-element_type=\"widget\" data-widget_type=\"image.default\">\n\t\t\t\t<div class=\"elementor-widget-container\">\n\t\t\t\t\t\t\t\t<div class=\"elementor-image\">\n\t\t\t\t\t\t\t\t\t\t\t\t<img width=\"960\" height=\"900\" src=\"https:\/\/www.ideattack.com\/vn\/media\/2020\/08\/replace_Profile-Page.jpg\" class=\"attachment-large size-large\" alt=\"-\" loading=\"lazy\" srcset=\"https:\/\/www.ideattack.com\/vn\/media\/2020\/08\/replace_Profile-Page.jpg 960w, https:\/\/www.ideattack.com\/vn\/media\/2020\/08\/replace_Profile-Page-480x450.jpg 480w, https:\/\/www.ideattack.com\/vn\/media\/2020\/08\/replace_Profile-Page-768x720.jpg 768w\" sizes=\"(max-width: 960px) 100vw, 960px\" title=\"\">\t\t\t\t\t\t\t\t\t\t\t\t\t\t<\/div>\n\t\t\t\t\t\t<\/div>\n\t\t\t\t<\/div>\n\t\t\t\t\t\t<\/div>\n\t\t\t\t\t<\/div>\n\t\t<\/div>\n\t\t\t\t<div class=\"elementor-column elementor-col-50 elementor-top-column elementor-element elementor-element-0955b9c\" data-id=\"0955b9c\" data-element_type=\"column\">\n\t\t\t<div class=\"elementor-column-wrap elementor-element-populated\">\n\t\t\t\t\t\t\t<div class=\"elementor-widget-wrap\">\n\t\t\t\t\t\t<div class=\"elementor-element elementor-element-fbc003b elementor-widget elementor-widget-text-editor\" data-id=\"fbc003b\" data-element_type=\"widget\" data-widget_type=\"text-editor.default\">\n\t\t\t\t<div class=\"elementor-widget-container\">\n\t\t\t\t\t\t\t\t<div class=\"elementor-text-editor elementor-clearfix\">\n\t\t\t\t<p>Trong h\u01a1n 15 n\u0103m, IdeAttack v\u1eabn lu\u00f4n t\u1eadp trung \u0111\u01b0a ra thi\u1ebft k\u1ebf ch\u1ea5t l\u01b0\u1ee3ng cao nh\u1ea5t cho h\u00e0ng tr\u0103m d\u1ef1 \u00e1n \u0111i\u1ec3m tham quan tr\u00ean th\u1ebf gi\u1edbi, t\u1eeb nh\u1eefng c\u00f4ng vi\u00ean ch\u1ee7 \u0111\u1ec1 \u0111\u1ed9c \u0111\u00e1o, nh\u1eadp vai cho \u0111\u1ebfn nh\u1eefng d\u1ef1 \u00e1n ph\u00e1t tri\u1ec3n du l\u1ecbch \u0111a n\u0103ng tr\u1ea3i r\u1ed9ng, m\u1ed7i d\u1ef1 \u00e1n \u0111\u1ec1u r\u1ea5t kh\u00e1c bi\u1ec7t nh\u01b0ng l\u1ea1i c\u00f3 nh\u1eefng \u0111i\u1ec3m t\u01b0\u01a1ng \u0111\u1ed3ng chung li\u00ean quan \u0111\u1ebfn ki\u1ebfn t\u1ea1o \u0111\u1ecba \u0111i\u1ec3m t\u1ec9 m\u1ec9 v\u00e0 s\u1ef1 ch\u00fa \u00fd \u0111\u1ebfn chi ti\u1ebft. \u0110\u1ed9i ng\u0169 c\u1ee7a ch\u00fang t\u00f4i ti\u1ebfp c\u1eadn m\u1ed7i d\u1ef1 \u00e1n theo c\u00f9ng m\u1ed9t \u00fd th\u1ee9c h\u1ec7 v\u00e0 quy tr\u00ecnh gi\u1ed1ng nhau: Tr\u01b0\u1edbc ti\u00ean v\u00e0 quan tr\u1ecdng nh\u1ea5t, ch\u00fang t\u00f4i l\u00e0 nh\u1eefng ng\u01b0\u1eddi k\u1ec3 chuy\u1ec7n. \u0110i\u1ec1u \u0111\u00f3 c\u00f3 ngh\u0129a l\u00e0 tr\u01b0\u1edbc khi \u0111\u1ed5 xi m\u0103ng ho\u1eb7c d\u1ef1ng th\u00e9p, c\u00e1c t\u00e1c gi\u1ea3 c\u1ee7a ch\u00fang t\u00f4i \u0111\u1ec1u \u0111\u00e3 s\u00e1ng t\u1ea1o ra nh\u1eefng th\u1ebf gi\u1edbi k\u1ef3 l\u1ea1 v\u00e0 nh\u1eefng kho\u1ea3nh kh\u1eafc th\u00fa v\u1ecb, c\u00e1c ngh\u1ec7 s\u0129 c\u1ee7a ch\u00fang t\u00f4i \u0111\u00e3 th\u1ed5i h\u1ed3n cho c\u00e1c nh\u00e2n v\u1eadt g\u1eafn k\u1ebft v\u00e0 nh\u1eefng \u0111\u1ecba \u0111i\u1ec3m l\u1ed9ng l\u1eaby v\u00e0 kh\u00e1ch h\u00e0ng c\u1ee7a ch\u00fang t\u00f4i s\u1eafp \u0111\u01b0\u1ee3c th\u1ea5y nh\u1eefng d\u1ef1 \u00e1n c\u1ee7a h\u1ecd n\u1edf r\u1ed9 th\u00e0nh c\u00e1c \u0111i\u1ec3m tham quan \u0111\u1eb3ng c\u1ea5p th\u1ebf gi\u1edbi. Ch\u00fang t\u00f4i hi\u1ec3u r\u1eb1ng m\u00ecnh kh\u00f4ng ch\u1ec9 \u0111ang thi\u1ebft k\u1ebf nh\u1eefng \u0111i\u1ec3m \u0111\u1ebfn thu h\u00fat &#8211; m\u00e0 l\u00e0 \u0111ang t\u1ea1o ra nh\u1eefng k\u00fd \u1ee9c s\u1ebd thu\u1ed9c v\u1ec1 nhi\u1ec1u th\u1ebf h\u1ec7 sau n\u00e0y, nh\u1eefng \u0111\u1ecba \u0111i\u1ec3m ho\u1eb7c tr\u1ea3i nghi\u1ec7m \u0111\u1eb7c bi\u1ec7t c\u00f3 \u1ea3nh h\u01b0\u1edfng l\u00e2u d\u00e0i \u0111\u1ebfn kh\u00e1ch tham quan thu\u1ed9c m\u1ecdi l\u1ee9a tu\u1ed5i.<\/p>\t\t\t\t\t<\/div>\n\t\t\t\t\t\t<\/div>\n\t\t\t\t<\/div>\n\t\t\t\t\t\t<\/div>\n\t\t\t\t\t<\/div>\n\t\t<\/div>\n\t\t\t\t\t\t\t\t<\/div>\n\t\t\t\t\t<\/div>\n\t\t<\/section>\n\t\t\t\t<section class=\"elementor-section elementor-top-section elementor-element elementor-element-bc43dba elementor-section-stretched elementor-section-boxed elementor-section-height-default elementor-section-height-default\" data-id=\"bc43dba\" data-element_type=\"section\" data-settings=\"{&quot;stretch_section&quot;:&quot;section-stretched&quot;,&quot;background_background&quot;:&quot;classic&quot;}\">\n\t\t\t\t\t\t<div class=\"elementor-container elementor-column-gap-default\">\n\t\t\t\t\t\t\t<div class=\"elementor-row\">\n\t\t\t\t\t<div class=\"elementor-column elementor-col-50 elementor-top-column elementor-element elementor-element-9cd1e52\" data-id=\"9cd1e52\" data-element_type=\"column\">\n\t\t\t<div class=\"elementor-column-wrap elementor-element-populated\">\n\t\t\t\t\t\t\t<div class=\"elementor-widget-wrap\">\n\t\t\t\t\t\t<section class=\"elementor-section elementor-inner-section elementor-element elementor-element-03089b1 elementor-section-boxed elementor-section-height-default elementor-section-height-default\" data-id=\"03089b1\" data-element_type=\"section\" data-settings=\"{&quot;background_background&quot;:&quot;classic&quot;}\">\n\t\t\t\t\t\t<div class=\"elementor-container elementor-column-gap-default\">\n\t\t\t\t\t\t\t<div class=\"elementor-row\">\n\t\t\t\t\t<div class=\"elementor-column elementor-col-100 elementor-inner-column elementor-element elementor-element-1ce675b\" data-id=\"1ce675b\" data-element_type=\"column\">\n\t\t\t<div class=\"elementor-column-wrap elementor-element-populated\">\n\t\t\t\t\t\t\t<div class=\"elementor-widget-wrap\">\n\t\t\t\t\t\t<div class=\"elementor-element elementor-element-4f317b0 elementor-widget elementor-widget-image\" data-id=\"4f317b0\" data-element_type=\"widget\" data-widget_type=\"image.default\">\n\t\t\t\t<div class=\"elementor-widget-container\">\n\t\t\t\t\t\t\t\t<div class=\"elementor-image\">\n\t\t\t\t\t\t\t\t\t\t\t\t<img width=\"220\" height=\"220\" src=\"https:\/\/www.ideattack.com\/vn\/media\/2020\/09\/natasa_profile_new3.png\" class=\"attachment-medium_large size-medium_large\" alt=\"-\" loading=\"lazy\" title=\"\">\t\t\t\t\t\t\t\t\t\t\t\t\t\t<\/div>\n\t\t\t\t\t\t<\/div>\n\t\t\t\t<\/div>\n\t\t\t\t<div class=\"elementor-element elementor-element-2ec7b7e elementor-widget elementor-widget-heading\" data-id=\"2ec7b7e\" data-element_type=\"widget\" data-widget_type=\"heading.default\">\n\t\t\t\t<div class=\"elementor-widget-container\">\n\t\t\t<h2 class=\"elementor-heading-title elementor-size-default\"><span style=\"white-space:pre-wrap;\">Natasha Varnica<\/span><\/h2>\t\t<\/div>\n\t\t\t\t<\/div>\n\t\t\t\t<div class=\"elementor-element elementor-element-8fb2b16 elementor-widget elementor-widget-text-editor\" data-id=\"8fb2b16\" data-element_type=\"widget\" data-widget_type=\"text-editor.default\">\n\t\t\t\t<div class=\"elementor-widget-container\">\n\t\t\t\t\t\t\t\t<div class=\"elementor-text-editor elementor-clearfix\">\n\t\t\t\t<p>Th\u00e0nh vi\u00ean s\u00e1ng l\u1eadp v\u00e0 T\u1ed5ng gi\u00e1m \u0111\u1ed1c<\/p>\t\t\t\t\t<\/div>\n\t\t\t\t\t\t<\/div>\n\t\t\t\t<\/div>\n\t\t\t\t<div class=\"elementor-element elementor-element-ec2c6ee elementor-align-center elementor-widget elementor-widget-button\" data-id=\"ec2c6ee\" data-element_type=\"widget\" data-widget_type=\"button.default\">\n\t\t\t\t<div class=\"elementor-widget-container\">\n\t\t\t\t\t<div class=\"elementor-button-wrapper\">\n\t\t\t<a href=\"#elementor-action%3Aaction%3Dpopup%3Aopen%26settings%3DeyJpZCI6IjUyOSIsInRvZ2dsZSI6ZmFsc2V9\" class=\"elementor-button-link elementor-button elementor-size-sm\" role=\"button\">\n\t\t\t\t\t\t<span class=\"elementor-button-content-wrapper\">\n\t\t\t\t\t\t<span class=\"elementor-button-text\">Ti\u1ec3u s\u1eed<\/span>\n\t\t<\/span>\n\t\t\t\t\t<\/a>\n\t\t<\/div>\n\t\t\t\t<\/div>\n\t\t\t\t<\/div>\n\t\t\t\t\t\t<\/div>\n\t\t\t\t\t<\/div>\n\t\t<\/div>\n\t\t\t\t\t\t\t\t<\/div>\n\t\t\t\t\t<\/div>\n\t\t<\/section>\n\t\t\t\t\t\t<\/div>\n\t\t\t\t\t<\/div>\n\t\t<\/div>\n\t\t\t\t<div class=\"elementor-column elementor-col-50 elementor-top-column elementor-element elementor-element-cf9ca06\" data-id=\"cf9ca06\" data-element_type=\"column\">\n\t\t\t<div class=\"elementor-column-wrap elementor-element-populated\">\n\t\t\t\t\t\t\t<div class=\"elementor-widget-wrap\">\n\t\t\t\t\t\t<section class=\"elementor-section elementor-inner-section elementor-element elementor-element-1d24956 elementor-section-boxed elementor-section-height-default elementor-section-height-default\" data-id=\"1d24956\" data-element_type=\"section\" data-settings=\"{&quot;background_background&quot;:&quot;classic&quot;}\">\n\t\t\t\t\t\t<div class=\"elementor-container elementor-column-gap-default\">\n\t\t\t\t\t\t\t<div class=\"elementor-row\">\n\t\t\t\t\t<div class=\"elementor-column elementor-col-100 elementor-inner-column elementor-element elementor-element-e296917\" data-id=\"e296917\" data-element_type=\"column\">\n\t\t\t<div class=\"elementor-column-wrap elementor-element-populated\">\n\t\t\t\t\t\t\t<div class=\"elementor-widget-wrap\">\n\t\t\t\t\t\t<div class=\"elementor-element elementor-element-0e6deee elementor-widget elementor-widget-image\" data-id=\"0e6deee\" data-element_type=\"widget\" data-widget_type=\"image.default\">\n\t\t\t\t<div class=\"elementor-widget-container\">\n\t\t\t\t\t\t\t\t<div class=\"elementor-image\">\n\t\t\t\t\t\t\t\t\t\t\t\t<img width=\"220\" height=\"220\" src=\"https:\/\/www.ideattack.com\/vn\/media\/2020\/07\/avatar-dan-img.png\" class=\"attachment-medium_large size-medium_large\" alt=\"-\" loading=\"lazy\" title=\"\">\t\t\t\t\t\t\t\t\t\t\t\t\t\t<\/div>\n\t\t\t\t\t\t<\/div>\n\t\t\t\t<\/div>\n\t\t\t\t<div class=\"elementor-element elementor-element-588191b elementor-widget elementor-widget-heading\" data-id=\"588191b\" data-element_type=\"widget\" data-widget_type=\"heading.default\">\n\t\t\t\t<div class=\"elementor-widget-container\">\n\t\t\t<h2 class=\"elementor-heading-title elementor-size-default\"><span style=\"white-space:pre-wrap;\">Dan Thomas<\/span><\/h2>\t\t<\/div>\n\t\t\t\t<\/div>\n\t\t\t\t<div class=\"elementor-element elementor-element-d5f009e elementor-widget elementor-widget-text-editor\" data-id=\"d5f009e\" data-element_type=\"widget\" data-widget_type=\"text-editor.default\">\n\t\t\t\t<div class=\"elementor-widget-container\">\n\t\t\t\t\t\t\t\t<div class=\"elementor-text-editor elementor-clearfix\">\n\t\t\t\t<p><span style=\"white-space: pre-wrap;\">Th\u00e0nh vi\u00ean s\u00e1ng l\u1eadp v\u00e0 Gi\u00e1m \u0111\u1ed1c s\u00e1ng t\u1ea1o<\/span><\/p>\t\t\t\t\t<\/div>\n\t\t\t\t\t\t<\/div>\n\t\t\t\t<\/div>\n\t\t\t\t<div class=\"elementor-element elementor-element-4e98610 elementor-align-center elementor-widget elementor-widget-button\" data-id=\"4e98610\" data-element_type=\"widget\" data-widget_type=\"button.default\">\n\t\t\t\t<div class=\"elementor-widget-container\">\n\t\t\t\t\t<div class=\"elementor-button-wrapper\">\n\t\t\t<a href=\"#elementor-action%3Aaction%3Dpopup%3Aopen%26settings%3DeyJpZCI6IjUyMSIsInRvZ2dsZSI6ZmFsc2V9\" class=\"elementor-button-link elementor-button elementor-size-sm\" role=\"button\">\n\t\t\t\t\t\t<span class=\"elementor-button-content-wrapper\">\n\t\t\t\t\t\t<span class=\"elementor-button-text\">Ti\u1ec3u s\u1eed<\/span>\n\t\t<\/span>\n\t\t\t\t\t<\/a>\n\t\t<\/div>\n\t\t\t\t<\/div>\n\t\t\t\t<\/div>\n\t\t\t\t\t\t<\/div>\n\t\t\t\t\t<\/div>\n\t\t<\/div>\n\t\t\t\t\t\t\t\t<\/div>\n\t\t\t\t\t<\/div>\n\t\t<\/section>\n\t\t\t\t\t\t<\/div>\n\t\t\t\t\t<\/div>\n\t\t<\/div>\n\t\t\t\t\t\t\t\t<\/div>\n\t\t\t\t\t<\/div>\n\t\t<\/section>\n\t\t\t\t<section class=\"elementor-section elementor-top-section elementor-element elementor-element-3315335 elementor-section-boxed elementor-section-height-default elementor-section-height-default\" data-id=\"3315335\" data-element_type=\"section\">\n\t\t\t\t\t\t<div class=\"elementor-container elementor-column-gap-default\">\n\t\t\t\t\t\t\t<div class=\"elementor-row\">\n\t\t\t\t\t<div class=\"elementor-column elementor-col-100 elementor-top-column elementor-element elementor-element-9b1113f\" data-id=\"9b1113f\" data-element_type=\"column\">\n\t\t\t<div class=\"elementor-column-wrap elementor-element-populated\">\n\t\t\t\t\t\t\t<div class=\"elementor-widget-wrap\">\n\t\t\t\t\t\t<div class=\"elementor-element elementor-element-dbe3a5b elementor-widget elementor-widget-heading\" data-id=\"dbe3a5b\" data-element_type=\"widget\" data-widget_type=\"heading.default\">\n\t\t\t\t<div class=\"elementor-widget-container\">\n\t\t\t<h2 class=\"elementor-heading-title elementor-size-default\">KH\u00c1CH H\u00c0NG<\/h2>\t\t<\/div>\n\t\t\t\t<\/div>\n\t\t\t\t<div class=\"elementor-element elementor-element-139132b elementor-widget elementor-widget-gallery\" data-id=\"139132b\" data-element_type=\"widget\" data-settings=\"{&quot;columns&quot;:6,&quot;columns_tablet&quot;:4,&quot;columns_mobile&quot;:2,&quot;aspect_ratio&quot;:&quot;1:1&quot;,&quot;lazyload&quot;:&quot;yes&quot;,&quot;gallery_layout&quot;:&quot;grid&quot;,&quot;gap&quot;:{&quot;unit&quot;:&quot;px&quot;,&quot;size&quot;:10,&quot;sizes&quot;:[]},&quot;gap_tablet&quot;:{&quot;unit&quot;:&quot;px&quot;,&quot;size&quot;:10,&quot;sizes&quot;:[]},&quot;gap_mobile&quot;:{&quot;unit&quot;:&quot;px&quot;,&quot;size&quot;:10,&quot;sizes&quot;:[]},&quot;content_hover_animation&quot;:&quot;fade-in&quot;}\" data-widget_type=\"gallery.default\">\n\t\t\t\t<div class=\"elementor-widget-container\">\n\t\t\t\t\t<div class=\"elementor-gallery__container\">\n\t\t\t\t\t\t\t<div class=\"e-gallery-item elementor-gallery-item elementor-animated-content\">\n\t\t\t\t\t<div class=\"e-gallery-image elementor-gallery-item__image\" data-thumbnail=\"https:\/\/www.ideattack.com\/vn\/media\/2020\/07\/profile-clients-logo-1@2x.jpg\" data-width=\"212\" data-height=\"212\" alt=\"\" ><\/div>\n\t\t\t\t\t\t\t\t\t\t\t\t\t\t<\/div>\n\t\t\t\t\t\t\t<div class=\"e-gallery-item elementor-gallery-item elementor-animated-content\">\n\t\t\t\t\t<div class=\"e-gallery-image elementor-gallery-item__image\" data-thumbnail=\"https:\/\/www.ideattack.com\/vn\/media\/2020\/07\/profile-clients-logo-20@2x.jpg\" data-width=\"212\" data-height=\"212\" alt=\"\" ><\/div>\n\t\t\t\t\t\t\t\t\t\t\t\t\t\t<\/div>\n\t\t\t\t\t\t\t<div class=\"e-gallery-item elementor-gallery-item elementor-animated-content\">\n\t\t\t\t\t<div class=\"e-gallery-image elementor-gallery-item__image\" data-thumbnail=\"https:\/\/www.ideattack.com\/vn\/media\/2020\/07\/profile-clients-logo-18@2x.jpg\" data-width=\"212\" data-height=\"212\" alt=\"\" ><\/div>\n\t\t\t\t\t\t\t\t\t\t\t\t\t\t<\/div>\n\t\t\t\t\t\t\t<div class=\"e-gallery-item elementor-gallery-item elementor-animated-content\">\n\t\t\t\t\t<div class=\"e-gallery-image elementor-gallery-item__image\" data-thumbnail=\"https:\/\/www.ideattack.com\/vn\/media\/2020\/07\/profile-clients-logo-12@2x.jpg\" data-width=\"212\" data-height=\"212\" alt=\"\" ><\/div>\n\t\t\t\t\t\t\t\t\t\t\t\t\t\t<\/div>\n\t\t\t\t\t\t\t<div class=\"e-gallery-item elementor-gallery-item elementor-animated-content\">\n\t\t\t\t\t<div class=\"e-gallery-image elementor-gallery-item__image\" data-thumbnail=\"https:\/\/www.ideattack.com\/vn\/media\/2020\/07\/profile-clients-logo-11@2x.jpg\" data-width=\"212\" data-height=\"212\" alt=\"\" ><\/div>\n\t\t\t\t\t\t\t\t\t\t\t\t\t\t<\/div>\n\t\t\t\t\t\t\t<div class=\"e-gallery-item elementor-gallery-item elementor-animated-content\">\n\t\t\t\t\t<div class=\"e-gallery-image elementor-gallery-item__image\" data-thumbnail=\"https:\/\/www.ideattack.com\/vn\/media\/2020\/07\/profile-clients-logo-3@2x.jpg\" data-width=\"212\" data-height=\"212\" alt=\"\" ><\/div>\n\t\t\t\t\t\t\t\t\t\t\t\t\t\t<\/div>\n\t\t\t\t\t\t\t<div class=\"e-gallery-item elementor-gallery-item elementor-animated-content\">\n\t\t\t\t\t<div class=\"e-gallery-image elementor-gallery-item__image\" data-thumbnail=\"https:\/\/www.ideattack.com\/vn\/media\/2020\/07\/profile-clients-logo-17@2x.jpg\" data-width=\"212\" data-height=\"212\" alt=\"\" ><\/div>\n\t\t\t\t\t\t\t\t\t\t\t\t\t\t<\/div>\n\t\t\t\t\t\t\t<div class=\"e-gallery-item elementor-gallery-item elementor-animated-content\">\n\t\t\t\t\t<div class=\"e-gallery-image elementor-gallery-item__image\" data-thumbnail=\"https:\/\/www.ideattack.com\/vn\/media\/2020\/07\/profile-clients-logo-2@2x.jpg\" data-width=\"212\" data-height=\"212\" alt=\"\" ><\/div>\n\t\t\t\t\t\t\t\t\t\t\t\t\t\t<\/div>\n\t\t\t\t\t\t\t<div class=\"e-gallery-item elementor-gallery-item elementor-animated-content\">\n\t\t\t\t\t<div class=\"e-gallery-image elementor-gallery-item__image\" data-thumbnail=\"https:\/\/www.ideattack.com\/vn\/media\/2020\/07\/profile-clients-logo-4@2x.jpg\" data-width=\"212\" data-height=\"212\" alt=\"\" ><\/div>\n\t\t\t\t\t\t\t\t\t\t\t\t\t\t<\/div>\n\t\t\t\t\t\t\t<div class=\"e-gallery-item elementor-gallery-item elementor-animated-content\">\n\t\t\t\t\t<div class=\"e-gallery-image elementor-gallery-item__image\" data-thumbnail=\"https:\/\/www.ideattack.com\/vn\/media\/2020\/07\/profile-clients-logo-5@2x.jpg\" data-width=\"212\" data-height=\"212\" alt=\"\" ><\/div>\n\t\t\t\t\t\t\t\t\t\t\t\t\t\t<\/div>\n\t\t\t\t\t\t\t<div class=\"e-gallery-item elementor-gallery-item elementor-animated-content\">\n\t\t\t\t\t<div class=\"e-gallery-image elementor-gallery-item__image\" data-thumbnail=\"https:\/\/www.ideattack.com\/vn\/media\/2020\/07\/profile-clients-logo-6@2x.jpg\" data-width=\"212\" data-height=\"212\" alt=\"\" ><\/div>\n\t\t\t\t\t\t\t\t\t\t\t\t\t\t<\/div>\n\t\t\t\t\t\t\t<div class=\"e-gallery-item elementor-gallery-item elementor-animated-content\">\n\t\t\t\t\t<div class=\"e-gallery-image elementor-gallery-item__image\" data-thumbnail=\"https:\/\/www.ideattack.com\/vn\/media\/2020\/07\/profile-clients-logo-8@2x.jpg\" data-width=\"212\" data-height=\"212\" alt=\"\" ><\/div>\n\t\t\t\t\t\t\t\t\t\t\t\t\t\t<\/div>\n\t\t\t\t\t\t\t<div class=\"e-gallery-item elementor-gallery-item elementor-animated-content\">\n\t\t\t\t\t<div class=\"e-gallery-image elementor-gallery-item__image\" data-thumbnail=\"https:\/\/www.ideattack.com\/vn\/media\/2020\/07\/profile-clients-logo-9@2x.jpg\" data-width=\"212\" data-height=\"212\" alt=\"\" ><\/div>\n\t\t\t\t\t\t\t\t\t\t\t\t\t\t<\/div>\n\t\t\t\t\t\t\t<div class=\"e-gallery-item elementor-gallery-item elementor-animated-content\">\n\t\t\t\t\t<div class=\"e-gallery-image elementor-gallery-item__image\" data-thumbnail=\"https:\/\/www.ideattack.com\/vn\/media\/2020\/07\/profile-clients-logo-10@2x.jpg\" data-width=\"212\" data-height=\"212\" alt=\"\" ><\/div>\n\t\t\t\t\t\t\t\t\t\t\t\t\t\t<\/div>\n\t\t\t\t\t\t\t<div class=\"e-gallery-item elementor-gallery-item elementor-animated-content\">\n\t\t\t\t\t<div class=\"e-gallery-image elementor-gallery-item__image\" data-thumbnail=\"https:\/\/www.ideattack.com\/vn\/media\/2020\/07\/profile-clients-logo-13@2x.jpg\" data-width=\"212\" data-height=\"212\" alt=\"\" ><\/div>\n\t\t\t\t\t\t\t\t\t\t\t\t\t\t<\/div>\n\t\t\t\t\t\t\t<div class=\"e-gallery-item elementor-gallery-item elementor-animated-content\">\n\t\t\t\t\t<div class=\"e-gallery-image elementor-gallery-item__image\" data-thumbnail=\"https:\/\/www.ideattack.com\/vn\/media\/2020\/07\/profile-clients-logo-14@2x.jpg\" data-width=\"212\" data-height=\"212\" alt=\"\" ><\/div>\n\t\t\t\t\t\t\t\t\t\t\t\t\t\t<\/div>\n\t\t\t\t\t\t\t<div class=\"e-gallery-item elementor-gallery-item elementor-animated-content\">\n\t\t\t\t\t<div class=\"e-gallery-image elementor-gallery-item__image\" data-thumbnail=\"https:\/\/www.ideattack.com\/vn\/media\/2020\/07\/profile-clients-logo-15@2x.jpg\" data-width=\"212\" data-height=\"212\" alt=\"\" ><\/div>\n\t\t\t\t\t\t\t\t\t\t\t\t\t\t<\/div>\n\t\t\t\t\t\t\t<div class=\"e-gallery-item elementor-gallery-item elementor-animated-content\">\n\t\t\t\t\t<div class=\"e-gallery-image elementor-gallery-item__image\" data-thumbnail=\"https:\/\/www.ideattack.com\/vn\/media\/2020\/07\/profile-clients-logo-19@2x.jpg\" data-width=\"212\" data-height=\"212\" alt=\"\" ><\/div>\n\t\t\t\t\t\t\t\t\t\t\t\t\t\t<\/div>\n\t\t\t\t\t<\/div>\n\t\t\t<\/div>\n\t\t\t\t<\/div>\n\t\t\t\t\t\t<\/div>\n\t\t\t\t\t<\/div>\n\t\t<\/div>\n\t\t\t\t\t\t\t\t<\/div>\n\t\t\t\t\t<\/div>\n\t\t<\/section>\n\t\t\t\t\t\t<\/div>\n\t\t\t\t\t\t<\/div>\n\t\t\t\t\t<\/div>\n\t\t","protected":false},"excerpt":{"rendered":"<p>Trong h\u01a1n 15 n\u0103m, IdeAttack v\u1eabn lu\u00f4n t\u1eadp trung \u0111\u01b0a ra thi\u1ebft k\u1ebf ch\u1ea5t l\u01b0\u1ee3ng cao nh\u1ea5t cho h\u00e0ng tr\u0103m d\u1ef1 \u00e1n \u0111i\u1ec3m tham quan tr\u00ean th\u1ebf gi\u1edbi, t\u1eeb nh\u1eefng c\u00f4ng vi\u00ean ch\u1ee7 \u0111\u1ec1 \u0111\u1ed9c \u0111\u00e1o, nh\u1eadp vai cho \u0111\u1ebfn nh\u1eefng d\u1ef1 \u00e1n ph\u00e1t tri\u1ec3n du l\u1ecbch \u0111a n\u0103ng tr\u1ea3i r\u1ed9ng, m\u1ed7i d\u1ef1 \u00e1n \u0111\u1ec1u r\u1ea5t kh\u00e1c bi\u1ec7t nh\u01b0ng l\u1ea1i c\u00f3 nh\u1eefng \u0111i\u1ec3m t\u01b0\u01a1ng \u0111\u1ed3ng chung li\u00ean quan \u0111\u1ebfn ki\u1ebfn t\u1ea1o \u0111\u1ecba \u0111i\u1ec3m t\u1ec9 m\u1ec9 v\u00e0 s\u1ef1 ch\u00fa \u00fd \u0111\u1ebfn chi ti\u1ebft. \u0110\u1ed9i ng\u0169 c\u1ee7a ch\u00fang t\u00f4i ti\u1ebfp c\u1eadn m\u1ed7i d\u1ef1 \u00e1n theo c\u00f9ng m\u1ed9t \u00fd th\u1ee9c h\u1ec7 v\u00e0 quy&#8230;<\/p>\n","protected":false},"author":1,"featured_media":299,"parent":0,"menu_order":10,"comment_status":"closed","ping_status":"closed","template":"","meta":[],"_links":{"self":[{"href":"https:\/\/www.ideattack.com\/vn\/wp-json\/wp\/v2\/pages\/329"}],"collection":[{"href":"https:\/\/www.ideattack.com\/vn\/wp-json\/wp\/v2\/pages"}],"about":[{"href":"https:\/\/www.ideattack.com\/vn\/wp-json\/wp\/v2\/types\/page"}],"author":[{"embeddable":true,"href":"https:\/\/www.ideattack.com\/vn\/wp-json\/wp\/v2\/users\/1"}],"replies":[{"embeddable":true,"href":"https:\/\/www.ideattack.com\/vn\/wp-json\/wp\/v2\/comments?post=329"}],"version-history":[{"count":36,"href":"https:\/\/www.ideattack.com\/vn\/wp-json\/wp\/v2\/pages\/329\/revisions"}],"predecessor-version":[{"id":1647,"href":"https:\/\/www.ideattack.com\/vn\/wp-json\/wp\/v2\/pages\/329\/revisions\/1647"}],"wp:featuredmedia":[{"embeddable":true,"href":"https:\/\/www.ideattack.com\/vn\/wp-json\/wp\/v2\/media\/299"}],"wp:attachment":[{"href":"https:\/\/www.ideattack.com\/vn\/wp-json\/wp\/v2\/media?parent=329"}],"curies":[{"name":"wp","href":"https:\/\/api.w.org\/{rel}","templated":true}]}}