{"id":396,"date":"2020-07-05T11:23:27","date_gmt":"2020-07-05T09:23:27","guid":{"rendered":"https:\/\/ideattack.com\/vn\/?page_id=396"},"modified":"2020-09-18T19:47:10","modified_gmt":"2020-09-18T17:47:10","slug":"project-master-planning-programming","status":"publish","type":"page","link":"https:\/\/www.ideattack.com\/vn\/services\/project-master-planning-programming\/","title":{"rendered":"Quy ho\u1ea1ch t\u1ed5ng th\u1ec3\/l\u1eadp ch\u01b0\u01a1ng tr\u00ecnh d\u1ef1 \u00e1n"},"content":{"rendered":"<p>&nbsp;<\/p>\n<p>Quy ho\u1ea1ch t\u1ed5ng th\u1ec3 v\u00e0 l\u1eadp ch\u01b0\u01a1ng tr\u00ecnh song h\u00e0nh v\u1edbi s\u1ef1 ph\u00e1t tri\u1ec3n c\u1ee7a b\u1ea5t k\u1ef3 d\u1ef1 \u00e1n n\u00e0o, b\u1eaft \u0111\u1ea7u t\u1eeb giai \u0111o\u1ea1n \u00fd t\u01b0\u1edfng v\u00e0 k\u00e9o d\u00e0i cho \u0111\u1ebfn giai \u0111o\u1ea1n thi\u1ebft k\u1ebf ph\u01b0\u01a1ng \u00e1n th\u00e0nh thi\u1ebft k\u1ebf chi ti\u1ebft. Trong \u0111\u00f3 bao g\u1ed3m s\u01a1 \u0111\u1ed3 \u0111i\u1ec3m tham quan\/b\u1ea5t \u0111\u1ed9ng s\u1ea3n, b\u1ed1 tr\u00ed c\u00e1c t\u00f2a nh\u00e0 bi\u1ec3u di\u1ec5n c\u1ee7a \u0111i\u1ec3m tham quan v\u00e0 ph\u00e1t tri\u1ec3n t\u1ed5ng th\u1ec3 b\u1ea5t \u0111\u1ed9ng s\u1ea3n c\u00f9ng m\u00f4i tr\u01b0\u1eddng xung quanh.<\/p>\n<div id='gallery-1' class='gallery galleryid-396 gallery-columns-6 gallery-size-thumbnail'><figure class='gallery-item'>\n\t\t\t<div class='gallery-icon landscape'>\n\t\t\t\t<a href='https:\/\/www.ideattack.com\/vn\/media\/2020\/07\/Masterplan_09.jpg'><img width=\"300\" height=\"300\" src=\"https:\/\/www.ideattack.com\/vn\/media\/2020\/07\/Masterplan_09-300x300.jpg\" class=\"attachment-thumbnail size-thumbnail\" alt=\"-\" loading=\"lazy\" title=\"\"><\/a>\n\t\t\t<\/div><\/figure><figure class='gallery-item'>\n\t\t\t<div class='gallery-icon landscape'>\n\t\t\t\t<a href='https:\/\/www.ideattack.com\/vn\/media\/2020\/07\/Masterplan_12.jpg'><img width=\"300\" height=\"300\" src=\"https:\/\/www.ideattack.com\/vn\/media\/2020\/07\/Masterplan_12-300x300.jpg\" class=\"attachment-thumbnail size-thumbnail\" alt=\"-\" loading=\"lazy\" title=\"\"><\/a>\n\t\t\t<\/div><\/figure><figure class='gallery-item'>\n\t\t\t<div class='gallery-icon landscape'>\n\t\t\t\t<a href='https:\/\/www.ideattack.com\/vn\/media\/2020\/07\/Masterplan_11.jpg'><img width=\"300\" height=\"300\" src=\"https:\/\/www.ideattack.com\/vn\/media\/2020\/07\/Masterplan_11-300x300.jpg\" class=\"attachment-thumbnail size-thumbnail\" alt=\"-\" loading=\"lazy\" title=\"\"><\/a>\n\t\t\t<\/div><\/figure><figure class='gallery-item'>\n\t\t\t<div class='gallery-icon landscape'>\n\t\t\t\t<a href='https:\/\/www.ideattack.com\/vn\/media\/2020\/07\/Masterplan_10.jpg'><img width=\"300\" height=\"300\" src=\"https:\/\/www.ideattack.com\/vn\/media\/2020\/07\/Masterplan_10-300x300.jpg\" class=\"attachment-thumbnail size-thumbnail\" alt=\"-\" loading=\"lazy\" title=\"\"><\/a>\n\t\t\t<\/div><\/figure><figure class='gallery-item'>\n\t\t\t<div class='gallery-icon landscape'>\n\t\t\t\t<a href='https:\/\/www.ideattack.com\/vn\/media\/2020\/07\/Masterplan_08.jpg'><img width=\"300\" height=\"300\" src=\"https:\/\/www.ideattack.com\/vn\/media\/2020\/07\/Masterplan_08-300x300.jpg\" class=\"attachment-thumbnail size-thumbnail\" alt=\"-\" loading=\"lazy\" title=\"\"><\/a>\n\t\t\t<\/div><\/figure><figure class='gallery-item'>\n\t\t\t<div class='gallery-icon landscape'>\n\t\t\t\t<a href='https:\/\/www.ideattack.com\/vn\/media\/2020\/07\/Masterplan_07.jpg'><img width=\"300\" height=\"300\" src=\"https:\/\/www.ideattack.com\/vn\/media\/2020\/07\/Masterplan_07-300x300.jpg\" class=\"attachment-thumbnail size-thumbnail\" alt=\"-\" loading=\"lazy\" title=\"\"><\/a>\n\t\t\t<\/div><\/figure><figure class='gallery-item'>\n\t\t\t<div class='gallery-icon landscape'>\n\t\t\t\t<a href='https:\/\/www.ideattack.com\/vn\/media\/2020\/07\/Masterplan_06.jpg'><img width=\"300\" height=\"300\" src=\"https:\/\/www.ideattack.com\/vn\/media\/2020\/07\/Masterplan_06-300x300.jpg\" class=\"attachment-thumbnail size-thumbnail\" alt=\"-\" loading=\"lazy\" title=\"\"><\/a>\n\t\t\t<\/div><\/figure><figure class='gallery-item'>\n\t\t\t<div class='gallery-icon landscape'>\n\t\t\t\t<a href='https:\/\/www.ideattack.com\/vn\/media\/2020\/07\/Masterplan_05.jpg'><img width=\"300\" height=\"300\" src=\"https:\/\/www.ideattack.com\/vn\/media\/2020\/07\/Masterplan_05-300x300.jpg\" class=\"attachment-thumbnail size-thumbnail\" alt=\"-\" loading=\"lazy\" title=\"\"><\/a>\n\t\t\t<\/div><\/figure><figure class='gallery-item'>\n\t\t\t<div class='gallery-icon landscape'>\n\t\t\t\t<a href='https:\/\/www.ideattack.com\/vn\/media\/2020\/07\/Masterplan_04.jpg'><img width=\"300\" height=\"300\" src=\"https:\/\/www.ideattack.com\/vn\/media\/2020\/07\/Masterplan_04-300x300.jpg\" class=\"attachment-thumbnail size-thumbnail\" alt=\"-\" loading=\"lazy\" title=\"\"><\/a>\n\t\t\t<\/div><\/figure><figure class='gallery-item'>\n\t\t\t<div class='gallery-icon landscape'>\n\t\t\t\t<a href='https:\/\/www.ideattack.com\/vn\/media\/2020\/07\/Masterplan_03.jpg'><img width=\"300\" height=\"300\" src=\"https:\/\/www.ideattack.com\/vn\/media\/2020\/07\/Masterplan_03-300x300.jpg\" class=\"attachment-thumbnail size-thumbnail\" alt=\"-\" loading=\"lazy\" title=\"\"><\/a>\n\t\t\t<\/div><\/figure><figure class='gallery-item'>\n\t\t\t<div class='gallery-icon landscape'>\n\t\t\t\t<a href='https:\/\/www.ideattack.com\/vn\/media\/2020\/07\/Masterplan_02.jpg'><img width=\"300\" height=\"300\" src=\"https:\/\/www.ideattack.com\/vn\/media\/2020\/07\/Masterplan_02-300x300.jpg\" class=\"attachment-thumbnail size-thumbnail\" alt=\"-\" loading=\"lazy\" title=\"\"><\/a>\n\t\t\t<\/div><\/figure><figure class='gallery-item'>\n\t\t\t<div class='gallery-icon landscape'>\n\t\t\t\t<a href='https:\/\/www.ideattack.com\/vn\/media\/2020\/07\/Masterplan_01.jpg'><img width=\"300\" height=\"300\" src=\"https:\/\/www.ideattack.com\/vn\/media\/2020\/07\/Masterplan_01-300x300.jpg\" class=\"attachment-thumbnail size-thumbnail\" alt=\"-\" loading=\"lazy\" title=\"\"><\/a>\n\t\t\t<\/div><\/figure>\n\t\t<\/div>\n\n","protected":false},"excerpt":{"rendered":"<p>&nbsp; Quy ho\u1ea1ch t\u1ed5ng th\u1ec3 v\u00e0 l\u1eadp ch\u01b0\u01a1ng tr\u00ecnh song h\u00e0nh v\u1edbi s\u1ef1 ph\u00e1t tri\u1ec3n c\u1ee7a b\u1ea5t k\u1ef3 d\u1ef1 \u00e1n n\u00e0o, b\u1eaft \u0111\u1ea7u t\u1eeb giai \u0111o\u1ea1n \u00fd t\u01b0\u1edfng v\u00e0 k\u00e9o d\u00e0i cho \u0111\u1ebfn giai \u0111o\u1ea1n thi\u1ebft k\u1ebf ph\u01b0\u01a1ng \u00e1n th\u00e0nh thi\u1ebft k\u1ebf chi ti\u1ebft. Trong \u0111\u00f3 bao g\u1ed3m s\u01a1 \u0111\u1ed3 \u0111i\u1ec3m tham quan\/b\u1ea5t \u0111\u1ed9ng s\u1ea3n, b\u1ed1 tr\u00ed c\u00e1c t\u00f2a nh\u00e0 bi\u1ec3u di\u1ec5n c\u1ee7a \u0111i\u1ec3m tham quan v\u00e0 ph\u00e1t tri\u1ec3n t\u1ed5ng th\u1ec3 b\u1ea5t \u0111\u1ed9ng s\u1ea3n c\u00f9ng m\u00f4i tr\u01b0\u1eddng xung quanh.<\/p>\n","protected":false},"author":1,"featured_media":563,"parent":331,"menu_order":10,"comment_status":"closed","ping_status":"closed","template":"","meta":[],"_links":{"self":[{"href":"https:\/\/www.ideattack.com\/vn\/wp-json\/wp\/v2\/pages\/396"}],"collection":[{"href":"https:\/\/www.ideattack.com\/vn\/wp-json\/wp\/v2\/pages"}],"about":[{"href":"https:\/\/www.ideattack.com\/vn\/wp-json\/wp\/v2\/types\/page"}],"author":[{"embeddable":true,"href":"https:\/\/www.ideattack.com\/vn\/wp-json\/wp\/v2\/users\/1"}],"replies":[{"embeddable":true,"href":"https:\/\/www.ideattack.com\/vn\/wp-json\/wp\/v2\/comments?post=396"}],"version-history":[{"count":14,"href":"https:\/\/www.ideattack.com\/vn\/wp-json\/wp\/v2\/pages\/396\/revisions"}],"predecessor-version":[{"id":1623,"href":"https:\/\/www.ideattack.com\/vn\/wp-json\/wp\/v2\/pages\/396\/revisions\/1623"}],"up":[{"embeddable":true,"href":"https:\/\/www.ideattack.com\/vn\/wp-json\/wp\/v2\/pages\/331"}],"wp:featuredmedia":[{"embeddable":true,"href":"https:\/\/www.ideattack.com\/vn\/wp-json\/wp\/v2\/media\/563"}],"wp:attachment":[{"href":"https:\/\/www.ideattack.com\/vn\/wp-json\/wp\/v2\/media?parent=396"}],"curies":[{"name":"wp","href":"https:\/\/api.w.org\/{rel}","templated":true}]}}