{"id":398,"date":"2020-07-05T11:23:45","date_gmt":"2020-07-05T09:23:45","guid":{"rendered":"https:\/\/ideattack.com\/vn\/?page_id=398"},"modified":"2020-09-18T19:47:30","modified_gmt":"2020-09-18T17:47:30","slug":"concept-design","status":"publish","type":"page","link":"https:\/\/www.ideattack.com\/vn\/services\/concept-design\/","title":{"rendered":"Thi\u1ebft k\u1ebf \u00fd t\u01b0\u1edfng"},"content":{"rendered":"<p>Thi\u1ebft k\u1ebf \u00fd t\u01b0\u1edfng l\u00e0 khi th\u1ef1c hi\u1ec7n nh\u1eefng b\u01b0\u1edbc \u0111\u1ea7u ti\u00ean \u0111\u1ec3 hi\u1ec7n th\u1ef1c h\u00f3a m\u1ed9t \u00fd t\u01b0\u1edfng, th\u01b0\u1eddng \u0111\u01b0\u1ee3c g\u1ecdi l\u00e0 qu\u00e1 tr\u00ecnh \u201cb\u1ea7u tr\u1eddi xanh\u201d. Trong giai \u0111o\u1ea1n n\u00e0y, m\u1ed9t \u00fd t\u01b0\u1edfng \u0111\u01b0\u1ee3c ph\u00e1t tri\u1ec3n th\u00e0nh m\u1ed9t c\u00e2u chuy\u1ec7n s\u1eed d\u1ee5ng t\u1eeb ng\u1eef c\u00f3 t\u00ednh m\u00f4 t\u1ea3 cao, m\u1ed9t chu\u1ed7i c\u00e1c ph\u00e1c th\u1ea3o ngh\u1ec7 thu\u1eadt ho\u1eb7c b\u1ea3n v\u1ebd ph\u1ed1i c\u1ea3nh v\u00e0 ti\u1ebfn h\u00e0nh c\u00f4ng vi\u1ec7c h\u1eadu c\u1ea7n n\u00f3i chung. T\u00f9y v\u00e0o ph\u1ea1m vi v\u00e0 quy m\u00f4 c\u1ee7a d\u1ef1 \u00e1n, giai \u0111o\u1ea1n \u00fd t\u01b0\u1edfng c\u00f3 th\u1ec3 bao g\u1ed3m:<\/p>\n<ul>\n<li>Chuy\u1ec7n k\u1ec3 (B\u1ea3n m\u00f4 t\u1ea3 v\u00e0 gi\u1ea3i th\u00edch m\u1ecdi y\u1ebfu t\u1ed1 c\u1ee7a d\u1ef1 \u00e1n)<\/li>\n<li>H\u00ecnh minh h\u1ecda \u00fd t\u01b0\u1edfng (Thi\u1ebft k\u1ebf ki\u1ebfn tr\u00fac v\u00e0 minh h\u1ecda \u0111i\u1ec3m tham quan)<\/li>\n<li>T\u01b0 li\u1ec7u tham kh\u1ea3o\/nghi\u00ean c\u1ee9u t\u00ecnh hu\u1ed1ng<\/li>\n<li>B\u1ea3n v\u1ebd ph\u1ed1i c\u1ea3nh\/h\u00ecnh \u1ea3nh nh\u00ecn t\u1eeb tr\u00ean cao<\/li>\n<li>Ch\u1ecdn h\u1ec7 th\u1ed1ng tr\u00f2 ch\u01a1i di chuy\u1ec3n s\u01a1 b\u1ed9<\/li>\n<li>M\u1eb7t b\u1eb1ng b\u1ed1 tr\u00ed v\u00e0 ph\u00e1t tri\u1ec3n khu v\u1ef1c s\u01a1 b\u1ed9<\/li>\n<li>Chi\u1ebfn l\u01b0\u1ee3c x\u00e2y d\u1ef1ng th\u01b0\u01a1ng hi\u1ec7u\/t\u00edch h\u1ee3p IP (s\u1edf h\u1eefu tr\u00ed tu\u1ec7) s\u01a1 b\u1ed9<\/li>\n<li>Ng\u00e2n s\u00e1ch s\u01a1 b\u1ed9<\/li>\n<li>(C\u00e1c) m\u00f4 h\u00ecnh 3D s\u01a1 b\u1ed9 (K\u1ef9 thu\u1eadt s\u1ed1 ho\u1eb7c th\u1ef1c t\u1ebf)<\/li>\n<\/ul>\n<p>&nbsp;<\/p>\n<div id='gallery-1' class='gallery galleryid-398 gallery-columns-6 gallery-size-thumbnail'><figure class='gallery-item'>\n\t\t\t<div class='gallery-icon landscape'>\n\t\t\t\t<a href='https:\/\/www.ideattack.com\/vn\/media\/2020\/07\/1_Aerial_01.jpg'><img width=\"300\" height=\"300\" src=\"https:\/\/www.ideattack.com\/vn\/media\/2020\/07\/1_Aerial_01-300x300.jpg\" class=\"attachment-thumbnail size-thumbnail\" alt=\"-\" loading=\"lazy\" title=\"\"><\/a>\n\t\t\t<\/div><\/figure><figure class='gallery-item'>\n\t\t\t<div class='gallery-icon landscape'>\n\t\t\t\t<a href='https:\/\/www.ideattack.com\/vn\/media\/2020\/07\/1_Aerial_02.jpg'><img width=\"300\" height=\"300\" src=\"https:\/\/www.ideattack.com\/vn\/media\/2020\/07\/1_Aerial_02-300x300.jpg\" class=\"attachment-thumbnail size-thumbnail\" alt=\"-\" loading=\"lazy\" title=\"\"><\/a>\n\t\t\t<\/div><\/figure><figure class='gallery-item'>\n\t\t\t<div class='gallery-icon landscape'>\n\t\t\t\t<a href='https:\/\/www.ideattack.com\/vn\/media\/2020\/07\/1_Aerial_03.jpg'><img width=\"300\" height=\"300\" src=\"https:\/\/www.ideattack.com\/vn\/media\/2020\/07\/1_Aerial_03-300x300.jpg\" class=\"attachment-thumbnail size-thumbnail\" alt=\"-\" loading=\"lazy\" title=\"\"><\/a>\n\t\t\t<\/div><\/figure><figure class='gallery-item'>\n\t\t\t<div class='gallery-icon landscape'>\n\t\t\t\t<a href='https:\/\/www.ideattack.com\/vn\/media\/2020\/07\/1_Aerial_04.jpg'><img width=\"300\" height=\"300\" src=\"https:\/\/www.ideattack.com\/vn\/media\/2020\/07\/1_Aerial_04-300x300.jpg\" class=\"attachment-thumbnail size-thumbnail\" alt=\"-\" loading=\"lazy\" title=\"\"><\/a>\n\t\t\t<\/div><\/figure><figure class='gallery-item'>\n\t\t\t<div class='gallery-icon landscape'>\n\t\t\t\t<a href='https:\/\/www.ideattack.com\/vn\/media\/2020\/07\/1_Aerial_05.jpg'><img width=\"300\" height=\"300\" src=\"https:\/\/www.ideattack.com\/vn\/media\/2020\/07\/1_Aerial_05-300x300.jpg\" class=\"attachment-thumbnail size-thumbnail\" alt=\"-\" loading=\"lazy\" title=\"\"><\/a>\n\t\t\t<\/div><\/figure><figure class='gallery-item'>\n\t\t\t<div class='gallery-icon landscape'>\n\t\t\t\t<a href='https:\/\/www.ideattack.com\/vn\/media\/2020\/07\/1_Aerial_06.jpg'><img width=\"300\" height=\"300\" src=\"https:\/\/www.ideattack.com\/vn\/media\/2020\/07\/1_Aerial_06-300x300.jpg\" class=\"attachment-thumbnail size-thumbnail\" alt=\"-\" loading=\"lazy\" title=\"\"><\/a>\n\t\t\t<\/div><\/figure><figure class='gallery-item'>\n\t\t\t<div class='gallery-icon landscape'>\n\t\t\t\t<a href='https:\/\/www.ideattack.com\/vn\/media\/2020\/07\/1_Aerial_07.jpg'><img width=\"300\" height=\"300\" src=\"https:\/\/www.ideattack.com\/vn\/media\/2020\/07\/1_Aerial_07-300x300.jpg\" class=\"attachment-thumbnail size-thumbnail\" alt=\"-\" loading=\"lazy\" title=\"\"><\/a>\n\t\t\t<\/div><\/figure><figure class='gallery-item'>\n\t\t\t<div class='gallery-icon landscape'>\n\t\t\t\t<a href='https:\/\/www.ideattack.com\/vn\/media\/2020\/07\/1_Aerial_08.jpg'><img width=\"300\" height=\"300\" src=\"https:\/\/www.ideattack.com\/vn\/media\/2020\/07\/1_Aerial_08-300x300.jpg\" class=\"attachment-thumbnail size-thumbnail\" alt=\"-\" loading=\"lazy\" title=\"\"><\/a>\n\t\t\t<\/div><\/figure><figure class='gallery-item'>\n\t\t\t<div class='gallery-icon landscape'>\n\t\t\t\t<a href='https:\/\/www.ideattack.com\/vn\/media\/2020\/07\/1_Aerial_09.jpg'><img width=\"300\" height=\"300\" src=\"https:\/\/www.ideattack.com\/vn\/media\/2020\/07\/1_Aerial_09-300x300.jpg\" class=\"attachment-thumbnail size-thumbnail\" alt=\"-\" loading=\"lazy\" title=\"\"><\/a>\n\t\t\t<\/div><\/figure><figure class='gallery-item'>\n\t\t\t<div class='gallery-icon landscape'>\n\t\t\t\t<a href='https:\/\/www.ideattack.com\/vn\/media\/2020\/07\/1_Aerial_10.jpg'><img width=\"300\" height=\"300\" src=\"https:\/\/www.ideattack.com\/vn\/media\/2020\/07\/1_Aerial_10-300x300.jpg\" class=\"attachment-thumbnail size-thumbnail\" alt=\"-\" loading=\"lazy\" title=\"\"><\/a>\n\t\t\t<\/div><\/figure><figure class='gallery-item'>\n\t\t\t<div class='gallery-icon landscape'>\n\t\t\t\t<a href='https:\/\/www.ideattack.com\/vn\/media\/2020\/07\/1_Aerial_11.jpg'><img width=\"300\" height=\"300\" src=\"https:\/\/www.ideattack.com\/vn\/media\/2020\/07\/1_Aerial_11-300x300.jpg\" class=\"attachment-thumbnail size-thumbnail\" alt=\"-\" loading=\"lazy\" title=\"\"><\/a>\n\t\t\t<\/div><\/figure><figure class='gallery-item'>\n\t\t\t<div class='gallery-icon landscape'>\n\t\t\t\t<a href='https:\/\/www.ideattack.com\/vn\/media\/2020\/07\/2_Perspective_01.jpg'><img width=\"300\" height=\"300\" src=\"https:\/\/www.ideattack.com\/vn\/media\/2020\/07\/2_Perspective_01-300x300.jpg\" class=\"attachment-thumbnail size-thumbnail\" alt=\"-\" loading=\"lazy\" title=\"\"><\/a>\n\t\t\t<\/div><\/figure><figure class='gallery-item'>\n\t\t\t<div class='gallery-icon landscape'>\n\t\t\t\t<a href='https:\/\/www.ideattack.com\/vn\/media\/2020\/07\/2_Perspective_02.jpg'><img width=\"300\" height=\"300\" src=\"https:\/\/www.ideattack.com\/vn\/media\/2020\/07\/2_Perspective_02-300x300.jpg\" class=\"attachment-thumbnail size-thumbnail\" alt=\"-\" loading=\"lazy\" title=\"\"><\/a>\n\t\t\t<\/div><\/figure><figure class='gallery-item'>\n\t\t\t<div class='gallery-icon landscape'>\n\t\t\t\t<a href='https:\/\/www.ideattack.com\/vn\/media\/2020\/07\/2_Perspective_03.jpg'><img width=\"300\" height=\"300\" src=\"https:\/\/www.ideattack.com\/vn\/media\/2020\/07\/2_Perspective_03-300x300.jpg\" class=\"attachment-thumbnail size-thumbnail\" alt=\"-\" loading=\"lazy\" title=\"\"><\/a>\n\t\t\t<\/div><\/figure><figure class='gallery-item'>\n\t\t\t<div class='gallery-icon landscape'>\n\t\t\t\t<a href='https:\/\/www.ideattack.com\/vn\/media\/2020\/07\/2_Perspective_04.jpg'><img width=\"300\" height=\"300\" src=\"https:\/\/www.ideattack.com\/vn\/media\/2020\/07\/2_Perspective_04-300x300.jpg\" class=\"attachment-thumbnail size-thumbnail\" alt=\"-\" loading=\"lazy\" title=\"\"><\/a>\n\t\t\t<\/div><\/figure><figure class='gallery-item'>\n\t\t\t<div class='gallery-icon landscape'>\n\t\t\t\t<a href='https:\/\/www.ideattack.com\/vn\/media\/2020\/07\/2_Perspective_05.jpg'><img width=\"300\" height=\"300\" src=\"https:\/\/www.ideattack.com\/vn\/media\/2020\/07\/2_Perspective_05-300x300.jpg\" class=\"attachment-thumbnail size-thumbnail\" alt=\"-\" loading=\"lazy\" title=\"\"><\/a>\n\t\t\t<\/div><\/figure><figure class='gallery-item'>\n\t\t\t<div class='gallery-icon landscape'>\n\t\t\t\t<a href='https:\/\/www.ideattack.com\/vn\/media\/2020\/07\/2_Perspective_06.jpg'><img width=\"300\" height=\"300\" src=\"https:\/\/www.ideattack.com\/vn\/media\/2020\/07\/2_Perspective_06-300x300.jpg\" class=\"attachment-thumbnail size-thumbnail\" alt=\"-\" loading=\"lazy\" title=\"\"><\/a>\n\t\t\t<\/div><\/figure><figure class='gallery-item'>\n\t\t\t<div class='gallery-icon landscape'>\n\t\t\t\t<a href='https:\/\/www.ideattack.com\/vn\/media\/2020\/07\/2_Perspective_07.jpg'><img width=\"300\" height=\"300\" src=\"https:\/\/www.ideattack.com\/vn\/media\/2020\/07\/2_Perspective_07-300x300.jpg\" class=\"attachment-thumbnail size-thumbnail\" alt=\"-\" loading=\"lazy\" title=\"\"><\/a>\n\t\t\t<\/div><\/figure><figure class='gallery-item'>\n\t\t\t<div class='gallery-icon landscape'>\n\t\t\t\t<a href='https:\/\/www.ideattack.com\/vn\/media\/2020\/07\/2_Perspective_08.jpg'><img width=\"300\" height=\"300\" src=\"https:\/\/www.ideattack.com\/vn\/media\/2020\/07\/2_Perspective_08-300x300.jpg\" class=\"attachment-thumbnail size-thumbnail\" alt=\"-\" loading=\"lazy\" title=\"\"><\/a>\n\t\t\t<\/div><\/figure><figure class='gallery-item'>\n\t\t\t<div class='gallery-icon landscape'>\n\t\t\t\t<a href='https:\/\/www.ideattack.com\/vn\/media\/2020\/07\/2_Perspective_09.jpg'><img width=\"300\" height=\"300\" src=\"https:\/\/www.ideattack.com\/vn\/media\/2020\/07\/2_Perspective_09-300x300.jpg\" class=\"attachment-thumbnail size-thumbnail\" alt=\"-\" loading=\"lazy\" title=\"\"><\/a>\n\t\t\t<\/div><\/figure><figure class='gallery-item'>\n\t\t\t<div class='gallery-icon landscape'>\n\t\t\t\t<a href='https:\/\/www.ideattack.com\/vn\/media\/2020\/07\/2_Perspective_10.jpg'><img width=\"300\" height=\"300\" src=\"https:\/\/www.ideattack.com\/vn\/media\/2020\/07\/2_Perspective_10-300x300.jpg\" class=\"attachment-thumbnail size-thumbnail\" alt=\"-\" loading=\"lazy\" title=\"\"><\/a>\n\t\t\t<\/div><\/figure><figure class='gallery-item'>\n\t\t\t<div class='gallery-icon landscape'>\n\t\t\t\t<a href='https:\/\/www.ideattack.com\/vn\/media\/2020\/07\/2_Perspective_11.jpg'><img width=\"300\" height=\"300\" src=\"https:\/\/www.ideattack.com\/vn\/media\/2020\/07\/2_Perspective_11-300x300.jpg\" class=\"attachment-thumbnail size-thumbnail\" alt=\"-\" loading=\"lazy\" title=\"\"><\/a>\n\t\t\t<\/div><\/figure><figure class='gallery-item'>\n\t\t\t<div class='gallery-icon landscape'>\n\t\t\t\t<a href='https:\/\/www.ideattack.com\/vn\/media\/2020\/07\/2_Perspective_12.jpg'><img width=\"300\" height=\"300\" src=\"https:\/\/www.ideattack.com\/vn\/media\/2020\/07\/2_Perspective_12-300x300.jpg\" class=\"attachment-thumbnail size-thumbnail\" alt=\"-\" loading=\"lazy\" title=\"\"><\/a>\n\t\t\t<\/div><\/figure><figure class='gallery-item'>\n\t\t\t<div class='gallery-icon landscape'>\n\t\t\t\t<a href='https:\/\/www.ideattack.com\/vn\/media\/2020\/07\/2_Perspective_13.jpg'><img width=\"300\" height=\"300\" src=\"https:\/\/www.ideattack.com\/vn\/media\/2020\/07\/2_Perspective_13-300x300.jpg\" class=\"attachment-thumbnail size-thumbnail\" alt=\"-\" loading=\"lazy\" title=\"\"><\/a>\n\t\t\t<\/div><\/figure><figure class='gallery-item'>\n\t\t\t<div class='gallery-icon landscape'>\n\t\t\t\t<a href='https:\/\/www.ideattack.com\/vn\/media\/2020\/07\/2_Perspective_14.jpg'><img width=\"300\" height=\"300\" src=\"https:\/\/www.ideattack.com\/vn\/media\/2020\/07\/2_Perspective_14-300x300.jpg\" class=\"attachment-thumbnail size-thumbnail\" alt=\"-\" loading=\"lazy\" title=\"\"><\/a>\n\t\t\t<\/div><\/figure><figure class='gallery-item'>\n\t\t\t<div class='gallery-icon landscape'>\n\t\t\t\t<a href='https:\/\/www.ideattack.com\/vn\/media\/2020\/07\/2_Perspective_15.jpg'><img width=\"300\" height=\"300\" src=\"https:\/\/www.ideattack.com\/vn\/media\/2020\/07\/2_Perspective_15-300x300.jpg\" class=\"attachment-thumbnail size-thumbnail\" alt=\"-\" loading=\"lazy\" title=\"\"><\/a>\n\t\t\t<\/div><\/figure><figure class='gallery-item'>\n\t\t\t<div class='gallery-icon landscape'>\n\t\t\t\t<a href='https:\/\/www.ideattack.com\/vn\/media\/2020\/07\/2_Perspective_16.jpg'><img width=\"300\" height=\"300\" src=\"https:\/\/www.ideattack.com\/vn\/media\/2020\/07\/2_Perspective_16-300x300.jpg\" class=\"attachment-thumbnail size-thumbnail\" alt=\"-\" loading=\"lazy\" title=\"\"><\/a>\n\t\t\t<\/div><\/figure><figure class='gallery-item'>\n\t\t\t<div class='gallery-icon landscape'>\n\t\t\t\t<a href='https:\/\/www.ideattack.com\/vn\/media\/2020\/07\/2_Perspective_17.jpg'><img width=\"300\" height=\"300\" src=\"https:\/\/www.ideattack.com\/vn\/media\/2020\/07\/2_Perspective_17-300x300.jpg\" class=\"attachment-thumbnail size-thumbnail\" alt=\"-\" loading=\"lazy\" title=\"\"><\/a>\n\t\t\t<\/div><\/figure><figure class='gallery-item'>\n\t\t\t<div class='gallery-icon landscape'>\n\t\t\t\t<a href='https:\/\/www.ideattack.com\/vn\/media\/2020\/07\/2_Perspective_18.jpg'><img width=\"300\" height=\"300\" src=\"https:\/\/www.ideattack.com\/vn\/media\/2020\/07\/2_Perspective_18-300x300.jpg\" class=\"attachment-thumbnail size-thumbnail\" alt=\"-\" loading=\"lazy\" title=\"\"><\/a>\n\t\t\t<\/div><\/figure><figure class='gallery-item'>\n\t\t\t<div class='gallery-icon landscape'>\n\t\t\t\t<a href='https:\/\/www.ideattack.com\/vn\/media\/2020\/07\/2_Perspective_19.jpg'><img width=\"300\" height=\"300\" src=\"https:\/\/www.ideattack.com\/vn\/media\/2020\/07\/2_Perspective_19-300x300.jpg\" class=\"attachment-thumbnail size-thumbnail\" alt=\"-\" loading=\"lazy\" title=\"\"><\/a>\n\t\t\t<\/div><\/figure><figure class='gallery-item'>\n\t\t\t<div class='gallery-icon landscape'>\n\t\t\t\t<a href='https:\/\/www.ideattack.com\/vn\/media\/2020\/07\/2_Perspective_20.jpg'><img width=\"300\" height=\"300\" src=\"https:\/\/www.ideattack.com\/vn\/media\/2020\/07\/2_Perspective_20-300x300.jpg\" class=\"attachment-thumbnail size-thumbnail\" alt=\"-\" loading=\"lazy\" title=\"\"><\/a>\n\t\t\t<\/div><\/figure><figure class='gallery-item'>\n\t\t\t<div class='gallery-icon landscape'>\n\t\t\t\t<a href='https:\/\/www.ideattack.com\/vn\/media\/2020\/07\/2_Perspective_21.jpg'><img width=\"300\" height=\"300\" src=\"https:\/\/www.ideattack.com\/vn\/media\/2020\/07\/2_Perspective_21-300x300.jpg\" class=\"attachment-thumbnail size-thumbnail\" alt=\"-\" loading=\"lazy\" title=\"\"><\/a>\n\t\t\t<\/div><\/figure><figure class='gallery-item'>\n\t\t\t<div class='gallery-icon landscape'>\n\t\t\t\t<a href='https:\/\/www.ideattack.com\/vn\/media\/2020\/07\/2_Perspective_22.jpg'><img width=\"300\" height=\"300\" src=\"https:\/\/www.ideattack.com\/vn\/media\/2020\/07\/2_Perspective_22-300x300.jpg\" class=\"attachment-thumbnail size-thumbnail\" alt=\"-\" loading=\"lazy\" title=\"\"><\/a>\n\t\t\t<\/div><\/figure><figure class='gallery-item'>\n\t\t\t<div class='gallery-icon landscape'>\n\t\t\t\t<a href='https:\/\/www.ideattack.com\/vn\/media\/2020\/07\/2_Perspective_23.jpg'><img width=\"300\" height=\"300\" src=\"https:\/\/www.ideattack.com\/vn\/media\/2020\/07\/2_Perspective_23-300x300.jpg\" class=\"attachment-thumbnail size-thumbnail\" alt=\"-\" loading=\"lazy\" title=\"\"><\/a>\n\t\t\t<\/div><\/figure><figure class='gallery-item'>\n\t\t\t<div class='gallery-icon landscape'>\n\t\t\t\t<a href='https:\/\/www.ideattack.com\/vn\/media\/2020\/07\/2_Perspective_24.jpg'><img width=\"300\" height=\"300\" src=\"https:\/\/www.ideattack.com\/vn\/media\/2020\/07\/2_Perspective_24-300x300.jpg\" class=\"attachment-thumbnail size-thumbnail\" alt=\"-\" loading=\"lazy\" title=\"\"><\/a>\n\t\t\t<\/div><\/figure><figure class='gallery-item'>\n\t\t\t<div class='gallery-icon landscape'>\n\t\t\t\t<a href='https:\/\/www.ideattack.com\/vn\/media\/2020\/07\/2_Perspective_25.jpg'><img width=\"300\" height=\"300\" src=\"https:\/\/www.ideattack.com\/vn\/media\/2020\/07\/2_Perspective_25-300x300.jpg\" class=\"attachment-thumbnail size-thumbnail\" alt=\"-\" loading=\"lazy\" title=\"\"><\/a>\n\t\t\t<\/div><\/figure><figure class='gallery-item'>\n\t\t\t<div class='gallery-icon landscape'>\n\t\t\t\t<a href='https:\/\/www.ideattack.com\/vn\/media\/2020\/07\/2_Perspective_26.jpg'><img width=\"300\" height=\"300\" src=\"https:\/\/www.ideattack.com\/vn\/media\/2020\/07\/2_Perspective_26-300x300.jpg\" class=\"attachment-thumbnail size-thumbnail\" alt=\"-\" loading=\"lazy\" title=\"\"><\/a>\n\t\t\t<\/div><\/figure><figure class='gallery-item'>\n\t\t\t<div class='gallery-icon landscape'>\n\t\t\t\t<a href='https:\/\/www.ideattack.com\/vn\/media\/2020\/07\/2_Perspective_27.jpg'><img width=\"300\" height=\"300\" src=\"https:\/\/www.ideattack.com\/vn\/media\/2020\/07\/2_Perspective_27-300x300.jpg\" class=\"attachment-thumbnail size-thumbnail\" alt=\"-\" loading=\"lazy\" title=\"\"><\/a>\n\t\t\t<\/div><\/figure><figure class='gallery-item'>\n\t\t\t<div class='gallery-icon landscape'>\n\t\t\t\t<a href='https:\/\/www.ideattack.com\/vn\/media\/2020\/07\/2_Perspective_28.jpg'><img width=\"300\" height=\"300\" src=\"https:\/\/www.ideattack.com\/vn\/media\/2020\/07\/2_Perspective_28-300x300.jpg\" class=\"attachment-thumbnail size-thumbnail\" alt=\"-\" loading=\"lazy\" title=\"\"><\/a>\n\t\t\t<\/div><\/figure><figure class='gallery-item'>\n\t\t\t<div class='gallery-icon landscape'>\n\t\t\t\t<a href='https:\/\/www.ideattack.com\/vn\/media\/2020\/07\/2_Perspective_29.jpg'><img width=\"300\" height=\"300\" src=\"https:\/\/www.ideattack.com\/vn\/media\/2020\/07\/2_Perspective_29-300x300.jpg\" class=\"attachment-thumbnail size-thumbnail\" alt=\"-\" loading=\"lazy\" title=\"\"><\/a>\n\t\t\t<\/div><\/figure><figure class='gallery-item'>\n\t\t\t<div class='gallery-icon landscape'>\n\t\t\t\t<a href='https:\/\/www.ideattack.com\/vn\/media\/2020\/07\/2_Perspective_30.jpg'><img width=\"300\" height=\"300\" src=\"https:\/\/www.ideattack.com\/vn\/media\/2020\/07\/2_Perspective_30-300x300.jpg\" class=\"attachment-thumbnail size-thumbnail\" alt=\"-\" loading=\"lazy\" title=\"\"><\/a>\n\t\t\t<\/div><\/figure><figure class='gallery-item'>\n\t\t\t<div class='gallery-icon landscape'>\n\t\t\t\t<a href='https:\/\/www.ideattack.com\/vn\/media\/2020\/07\/2_Perspective_31.jpg'><img width=\"300\" height=\"300\" src=\"https:\/\/www.ideattack.com\/vn\/media\/2020\/07\/2_Perspective_31-300x300.jpg\" class=\"attachment-thumbnail size-thumbnail\" alt=\"-\" loading=\"lazy\" title=\"\"><\/a>\n\t\t\t<\/div><\/figure><figure class='gallery-item'>\n\t\t\t<div class='gallery-icon landscape'>\n\t\t\t\t<a href='https:\/\/www.ideattack.com\/vn\/media\/2020\/07\/2_Perspective_32.jpg'><img width=\"300\" height=\"300\" src=\"https:\/\/www.ideattack.com\/vn\/media\/2020\/07\/2_Perspective_32-300x300.jpg\" class=\"attachment-thumbnail size-thumbnail\" alt=\"-\" loading=\"lazy\" title=\"\"><\/a>\n\t\t\t<\/div><\/figure><figure class='gallery-item'>\n\t\t\t<div class='gallery-icon landscape'>\n\t\t\t\t<a href='https:\/\/www.ideattack.com\/vn\/media\/2020\/07\/2_Perspective_34.jpg'><img width=\"300\" height=\"300\" src=\"https:\/\/www.ideattack.com\/vn\/media\/2020\/07\/2_Perspective_34-300x300.jpg\" class=\"attachment-thumbnail size-thumbnail\" alt=\"-\" loading=\"lazy\" title=\"\"><\/a>\n\t\t\t<\/div><\/figure><figure class='gallery-item'>\n\t\t\t<div class='gallery-icon landscape'>\n\t\t\t\t<a href='https:\/\/www.ideattack.com\/vn\/media\/2020\/07\/2_Perspective_35.jpg'><img width=\"300\" height=\"300\" src=\"https:\/\/www.ideattack.com\/vn\/media\/2020\/07\/2_Perspective_35-300x300.jpg\" class=\"attachment-thumbnail size-thumbnail\" alt=\"-\" loading=\"lazy\" title=\"\"><\/a>\n\t\t\t<\/div><\/figure><figure class='gallery-item'>\n\t\t\t<div class='gallery-icon landscape'>\n\t\t\t\t<a href='https:\/\/www.ideattack.com\/vn\/media\/2020\/07\/2_Perspective_36.jpg'><img width=\"300\" height=\"300\" src=\"https:\/\/www.ideattack.com\/vn\/media\/2020\/07\/2_Perspective_36-300x300.jpg\" class=\"attachment-thumbnail size-thumbnail\" alt=\"-\" loading=\"lazy\" title=\"\"><\/a>\n\t\t\t<\/div><\/figure><figure class='gallery-item'>\n\t\t\t<div class='gallery-icon landscape'>\n\t\t\t\t<a href='https:\/\/www.ideattack.com\/vn\/media\/2020\/07\/3_Sketch_01.jpg'><img width=\"300\" height=\"300\" src=\"https:\/\/www.ideattack.com\/vn\/media\/2020\/07\/3_Sketch_01-300x300.jpg\" class=\"attachment-thumbnail size-thumbnail\" alt=\"-\" loading=\"lazy\" title=\"\"><\/a>\n\t\t\t<\/div><\/figure><figure class='gallery-item'>\n\t\t\t<div class='gallery-icon landscape'>\n\t\t\t\t<a href='https:\/\/www.ideattack.com\/vn\/media\/2020\/07\/3_Sketch_02.jpg'><img width=\"300\" height=\"300\" src=\"https:\/\/www.ideattack.com\/vn\/media\/2020\/07\/3_Sketch_02-300x300.jpg\" class=\"attachment-thumbnail size-thumbnail\" alt=\"-\" loading=\"lazy\" title=\"\"><\/a>\n\t\t\t<\/div><\/figure><figure class='gallery-item'>\n\t\t\t<div class='gallery-icon landscape'>\n\t\t\t\t<a href='https:\/\/www.ideattack.com\/vn\/media\/2020\/07\/3_Sketch_03.jpg'><img width=\"300\" height=\"300\" src=\"https:\/\/www.ideattack.com\/vn\/media\/2020\/07\/3_Sketch_03-300x300.jpg\" class=\"attachment-thumbnail size-thumbnail\" alt=\"-\" loading=\"lazy\" title=\"\"><\/a>\n\t\t\t<\/div><\/figure><figure class='gallery-item'>\n\t\t\t<div class='gallery-icon landscape'>\n\t\t\t\t<a href='https:\/\/www.ideattack.com\/vn\/media\/2020\/07\/3_Sketch_04.jpg'><img width=\"300\" height=\"300\" src=\"https:\/\/www.ideattack.com\/vn\/media\/2020\/07\/3_Sketch_04-300x300.jpg\" class=\"attachment-thumbnail size-thumbnail\" alt=\"-\" loading=\"lazy\" title=\"\"><\/a>\n\t\t\t<\/div><\/figure><figure class='gallery-item'>\n\t\t\t<div class='gallery-icon landscape'>\n\t\t\t\t<a href='https:\/\/www.ideattack.com\/vn\/media\/2020\/07\/3_Sketch_05.jpg'><img width=\"300\" height=\"300\" src=\"https:\/\/www.ideattack.com\/vn\/media\/2020\/07\/3_Sketch_05-300x300.jpg\" class=\"attachment-thumbnail size-thumbnail\" alt=\"-\" loading=\"lazy\" title=\"\"><\/a>\n\t\t\t<\/div><\/figure><figure class='gallery-item'>\n\t\t\t<div class='gallery-icon landscape'>\n\t\t\t\t<a href='https:\/\/www.ideattack.com\/vn\/media\/2020\/07\/3_Sketch_06.jpg'><img width=\"300\" height=\"300\" src=\"https:\/\/www.ideattack.com\/vn\/media\/2020\/07\/3_Sketch_06-300x300.jpg\" class=\"attachment-thumbnail size-thumbnail\" alt=\"-\" loading=\"lazy\" title=\"\"><\/a>\n\t\t\t<\/div><\/figure><figure class='gallery-item'>\n\t\t\t<div class='gallery-icon landscape'>\n\t\t\t\t<a href='https:\/\/www.ideattack.com\/vn\/media\/2020\/07\/3_Sketch_07.jpg'><img width=\"300\" height=\"300\" src=\"https:\/\/www.ideattack.com\/vn\/media\/2020\/07\/3_Sketch_07-300x300.jpg\" class=\"attachment-thumbnail size-thumbnail\" alt=\"-\" loading=\"lazy\" title=\"\"><\/a>\n\t\t\t<\/div><\/figure><figure class='gallery-item'>\n\t\t\t<div class='gallery-icon landscape'>\n\t\t\t\t<a href='https:\/\/www.ideattack.com\/vn\/media\/2020\/07\/3_Sketch_08.jpg'><img width=\"300\" height=\"300\" src=\"https:\/\/www.ideattack.com\/vn\/media\/2020\/07\/3_Sketch_08-300x300.jpg\" class=\"attachment-thumbnail size-thumbnail\" alt=\"-\" loading=\"lazy\" title=\"\"><\/a>\n\t\t\t<\/div><\/figure><figure class='gallery-item'>\n\t\t\t<div class='gallery-icon landscape'>\n\t\t\t\t<a href='https:\/\/www.ideattack.com\/vn\/media\/2020\/07\/3_Sketch_09.jpg'><img width=\"300\" height=\"300\" src=\"https:\/\/www.ideattack.com\/vn\/media\/2020\/07\/3_Sketch_09-300x300.jpg\" class=\"attachment-thumbnail size-thumbnail\" alt=\"-\" loading=\"lazy\" title=\"\"><\/a>\n\t\t\t<\/div><\/figure><figure class='gallery-item'>\n\t\t\t<div class='gallery-icon landscape'>\n\t\t\t\t<a href='https:\/\/www.ideattack.com\/vn\/media\/2020\/07\/3_Sketch_10.jpg'><img width=\"300\" height=\"300\" src=\"https:\/\/www.ideattack.com\/vn\/media\/2020\/07\/3_Sketch_10-300x300.jpg\" class=\"attachment-thumbnail size-thumbnail\" alt=\"-\" loading=\"lazy\" title=\"\"><\/a>\n\t\t\t<\/div><\/figure><figure class='gallery-item'>\n\t\t\t<div class='gallery-icon landscape'>\n\t\t\t\t<a href='https:\/\/www.ideattack.com\/vn\/media\/2020\/07\/2_Perspective_33-1.jpg'><img width=\"300\" height=\"300\" src=\"https:\/\/www.ideattack.com\/vn\/media\/2020\/07\/2_Perspective_33-1-300x300.jpg\" class=\"attachment-thumbnail size-thumbnail\" alt=\"-\" loading=\"lazy\" title=\"\"><\/a>\n\t\t\t<\/div><\/figure>\n\t\t<\/div>\n\n","protected":false},"excerpt":{"rendered":"<p>Thi\u1ebft k\u1ebf \u00fd t\u01b0\u1edfng l\u00e0 khi th\u1ef1c hi\u1ec7n nh\u1eefng b\u01b0\u1edbc \u0111\u1ea7u ti\u00ean \u0111\u1ec3 hi\u1ec7n th\u1ef1c h\u00f3a m\u1ed9t \u00fd t\u01b0\u1edfng, th\u01b0\u1eddng \u0111\u01b0\u1ee3c g\u1ecdi l\u00e0 qu\u00e1 tr\u00ecnh \u201cb\u1ea7u tr\u1eddi xanh\u201d. Trong giai \u0111o\u1ea1n n\u00e0y, m\u1ed9t \u00fd t\u01b0\u1edfng \u0111\u01b0\u1ee3c ph\u00e1t tri\u1ec3n th\u00e0nh m\u1ed9t c\u00e2u chuy\u1ec7n s\u1eed d\u1ee5ng t\u1eeb ng\u1eef c\u00f3 t\u00ednh m\u00f4 t\u1ea3 cao, m\u1ed9t chu\u1ed7i c\u00e1c ph\u00e1c th\u1ea3o ngh\u1ec7 thu\u1eadt ho\u1eb7c b\u1ea3n v\u1ebd ph\u1ed1i c\u1ea3nh v\u00e0 ti\u1ebfn h\u00e0nh c\u00f4ng vi\u1ec7c h\u1eadu c\u1ea7n n\u00f3i chung. T\u00f9y v\u00e0o ph\u1ea1m vi v\u00e0 quy m\u00f4 c\u1ee7a d\u1ef1 \u00e1n, giai \u0111o\u1ea1n \u00fd t\u01b0\u1edfng c\u00f3 th\u1ec3 bao g\u1ed3m: Chuy\u1ec7n k\u1ec3 (B\u1ea3n m\u00f4 t\u1ea3 v\u00e0 gi\u1ea3i th\u00edch m\u1ecdi y\u1ebfu&#8230;<\/p>\n","protected":false},"author":1,"featured_media":560,"parent":331,"menu_order":20,"comment_status":"closed","ping_status":"closed","template":"","meta":[],"_links":{"self":[{"href":"https:\/\/www.ideattack.com\/vn\/wp-json\/wp\/v2\/pages\/398"}],"collection":[{"href":"https:\/\/www.ideattack.com\/vn\/wp-json\/wp\/v2\/pages"}],"about":[{"href":"https:\/\/www.ideattack.com\/vn\/wp-json\/wp\/v2\/types\/page"}],"author":[{"embeddable":true,"href":"https:\/\/www.ideattack.com\/vn\/wp-json\/wp\/v2\/users\/1"}],"replies":[{"embeddable":true,"href":"https:\/\/www.ideattack.com\/vn\/wp-json\/wp\/v2\/comments?post=398"}],"version-history":[{"count":9,"href":"https:\/\/www.ideattack.com\/vn\/wp-json\/wp\/v2\/pages\/398\/revisions"}],"predecessor-version":[{"id":1624,"href":"https:\/\/www.ideattack.com\/vn\/wp-json\/wp\/v2\/pages\/398\/revisions\/1624"}],"up":[{"embeddable":true,"href":"https:\/\/www.ideattack.com\/vn\/wp-json\/wp\/v2\/pages\/331"}],"wp:featuredmedia":[{"embeddable":true,"href":"https:\/\/www.ideattack.com\/vn\/wp-json\/wp\/v2\/media\/560"}],"wp:attachment":[{"href":"https:\/\/www.ideattack.com\/vn\/wp-json\/wp\/v2\/media?parent=398"}],"curies":[{"name":"wp","href":"https:\/\/api.w.org\/{rel}","templated":true}]}}