{"id":400,"date":"2020-07-05T11:24:04","date_gmt":"2020-07-05T09:24:04","guid":{"rendered":"https:\/\/ideattack.com\/vn\/?page_id=400"},"modified":"2020-09-18T19:47:55","modified_gmt":"2020-09-18T17:47:55","slug":"economic-analysis","status":"publish","type":"page","link":"https:\/\/www.ideattack.com\/vn\/services\/economic-analysis\/","title":{"rendered":"Ph\u00e2n t\u00edch kinh t\u1ebf"},"content":{"rendered":"<p>Trong b\u1ea5t k\u1ef3 d\u1ef1 \u00e1n n\u00e0o, t\u00e0i ch\u00ednh c\u0169ng quan tr\u1ecdng kh\u00f4ng k\u00e9m ch\u00ednh \u00fd t\u01b0\u1edfng s\u00e1ng t\u1ea1o. M\u1eb7c d\u00f9 kh\u00f4ng th\u00fa v\u1ecb nh\u01b0 vi\u1ec7c thi\u1ebft k\u1ebf tr\u1ea3i nghi\u1ec7m di chuy\u1ec3n \u0111\u1ea7y k\u00edch th\u00edch nh\u01b0ng ph\u00e2n t\u00edch kinh t\u1ebf h\u1ee3p l\u00fd l\u00e0 c\u1ea7n thi\u1ebft \u0111\u1ec3 \u0111\u1ea3m b\u1ea3o tr\u00f2 ch\u01a1i di chuy\u1ec3n k\u00edch th\u00edch c\u1ee7a b\u1ea1n ho\u1eb7c b\u1ea5t k\u1ef3 d\u1ef1 \u00e1n n\u00e0o s\u1ebd th\u00e0nh c\u00f4ng v\u00e0 thi\u1ebft th\u1ef1c. Ph\u00e2n t\u00edch kinh t\u1ebf bao g\u1ed3m nghi\u00ean c\u1ee9u kh\u1ea3 thi, d\u1ef1 to\u00e1n ng\u00e2n s\u00e1ch v\u00e0 \u01b0\u1edbc t\u00ednh th\u1eddi gian ho\u00e0n v\u1ed1n (ROI).<\/p>\n","protected":false},"excerpt":{"rendered":"<p>Trong b\u1ea5t k\u1ef3 d\u1ef1 \u00e1n n\u00e0o, t\u00e0i ch\u00ednh c\u0169ng quan tr\u1ecdng kh\u00f4ng k\u00e9m ch\u00ednh \u00fd t\u01b0\u1edfng s\u00e1ng t\u1ea1o. M\u1eb7c d\u00f9 kh\u00f4ng th\u00fa v\u1ecb nh\u01b0 vi\u1ec7c thi\u1ebft k\u1ebf tr\u1ea3i nghi\u1ec7m di chuy\u1ec3n \u0111\u1ea7y k\u00edch th\u00edch nh\u01b0ng ph\u00e2n t\u00edch kinh t\u1ebf h\u1ee3p l\u00fd l\u00e0 c\u1ea7n thi\u1ebft \u0111\u1ec3 \u0111\u1ea3m b\u1ea3o tr\u00f2 ch\u01a1i di chuy\u1ec3n k\u00edch th\u00edch c\u1ee7a b\u1ea1n ho\u1eb7c b\u1ea5t k\u1ef3 d\u1ef1 \u00e1n n\u00e0o s\u1ebd th\u00e0nh c\u00f4ng v\u00e0 thi\u1ebft th\u1ef1c. Ph\u00e2n t\u00edch kinh t\u1ebf bao g\u1ed3m nghi\u00ean c\u1ee9u kh\u1ea3 thi, d\u1ef1 to\u00e1n ng\u00e2n s\u00e1ch v\u00e0 \u01b0\u1edbc t\u00ednh th\u1eddi gian ho\u00e0n v\u1ed1n (ROI).<\/p>\n","protected":false},"author":1,"featured_media":562,"parent":331,"menu_order":30,"comment_status":"closed","ping_status":"closed","template":"","meta":[],"_links":{"self":[{"href":"https:\/\/www.ideattack.com\/vn\/wp-json\/wp\/v2\/pages\/400"}],"collection":[{"href":"https:\/\/www.ideattack.com\/vn\/wp-json\/wp\/v2\/pages"}],"about":[{"href":"https:\/\/www.ideattack.com\/vn\/wp-json\/wp\/v2\/types\/page"}],"author":[{"embeddable":true,"href":"https:\/\/www.ideattack.com\/vn\/wp-json\/wp\/v2\/users\/1"}],"replies":[{"embeddable":true,"href":"https:\/\/www.ideattack.com\/vn\/wp-json\/wp\/v2\/comments?post=400"}],"version-history":[{"count":4,"href":"https:\/\/www.ideattack.com\/vn\/wp-json\/wp\/v2\/pages\/400\/revisions"}],"predecessor-version":[{"id":1625,"href":"https:\/\/www.ideattack.com\/vn\/wp-json\/wp\/v2\/pages\/400\/revisions\/1625"}],"up":[{"embeddable":true,"href":"https:\/\/www.ideattack.com\/vn\/wp-json\/wp\/v2\/pages\/331"}],"wp:featuredmedia":[{"embeddable":true,"href":"https:\/\/www.ideattack.com\/vn\/wp-json\/wp\/v2\/media\/562"}],"wp:attachment":[{"href":"https:\/\/www.ideattack.com\/vn\/wp-json\/wp\/v2\/media?parent=400"}],"curies":[{"name":"wp","href":"https:\/\/api.w.org\/{rel}","templated":true}]}}