{"id":404,"date":"2020-07-05T11:24:32","date_gmt":"2020-07-05T09:24:32","guid":{"rendered":"https:\/\/ideattack.com\/vn\/?page_id=404"},"modified":"2020-09-18T19:48:54","modified_gmt":"2020-09-18T17:48:54","slug":"construction-supervision-field-creative-direction","status":"publish","type":"page","link":"https:\/\/www.ideattack.com\/vn\/services\/construction-supervision-field-creative-direction\/","title":{"rendered":"Gi\u00e1m s\u00e1t thi c\u00f4ng\/gi\u00e1m \u0111\u1ed1c s\u00e1ng t\u1ea1o th\u1ef1c \u0111\u1ecba"},"content":{"rendered":"<p>Sau khi k\u1ebft th\u00fac giai \u0111o\u1ea1n ph\u00e1t tri\u1ec3n s\u00e1ng t\u1ea1o c\u1ee7a d\u1ef1 \u00e1n th\u00ec s\u1ebd b\u1eaft \u0111\u1ea7u th\u1ef1c hi\u1ec7n b\u01b0\u1edbc ti\u1ebfp theo: L\u1eafp \u0111\u1eb7t. \u0110\u00e2y l\u00e0 giai \u0111o\u1ea1n khi m\u1ed9t d\u1ef1 \u00e1n \u0111\u01b0\u1ee3c chuy\u1ec3n t\u1eeb thi\u1ebft k\u1ebf v\u00e0 b\u1ea3n v\u1ebd tr\u00ean gi\u1ea5y sang ho\u1ea1t \u0111\u1ed9ng thi c\u00f4ng v\u00e0 ch\u1ebf t\u1ea1o th\u1ef1c t\u1ebf t\u1ea1i c\u00f4ng tr\u01b0\u1eddng. \u0110\u00e2y l\u00e0 th\u1eddi \u0111i\u1ec3m v\u00f4 c\u00f9ng quan tr\u1ecdng v\u00ec ch\u1ea5t l\u01b0\u1ee3ng v\u00e0 t\u00ednh li\u00ean t\u1ee5c l\u00e0 quan tr\u1ecdng nh\u1ea5t. Qu\u00e1 tr\u00ecnh n\u00e0y kh\u00f4ng ch\u1ec9 \u0111\u00f2i h\u1ecfi nh\u00e2n s\u1ef1 thi c\u00f4ng, th\u1ee3 \u0111i\u1ec7n, k\u1ef9 s\u01b0, th\u1ee3 s\u01a1n v\u00e0 ng\u01b0\u1eddi thi\u1ebft k\u1ebf phong c\u1ea3nh &#8211; m\u00e0 c\u00f2n y\u00eau c\u1ea7u gi\u00e1m \u0111\u1ed1c s\u00e1ng t\u1ea1o v\u00e0 ngh\u1ec7 thu\u1eadt d\u00e0y d\u1ea1n kinh nghi\u1ec7m \u0111\u1ec3 gi\u00e1m s\u00e1t th\u1ef1c \u0111\u1ecba \u0111\u1ed1i v\u1edbi m\u1ecdi quy t\u1eafc th\u1ea9m m\u1ef9 \u0111\u1ec3 \u0111\u1ea3m b\u1ea3o th\u00e0nh ph\u1ea9m ch\u00ednh x\u00e1c theo nh\u1eefng g\u00ec \u0111\u00e3 thi\u1ebft k\u1ebf v\u00e0 cam k\u1ebft cho \u0111\u1ebfn ng\u00e0y khai tr\u01b0\u01a1ng.<\/p>\n<div id='gallery-1' class='gallery galleryid-404 gallery-columns-6 gallery-size-thumbnail'><figure class='gallery-item'>\n\t\t\t<div class='gallery-icon landscape'>\n\t\t\t\t<a href='https:\/\/www.ideattack.com\/vn\/media\/2020\/07\/Supervision_01.jpg'><img width=\"300\" height=\"300\" src=\"https:\/\/www.ideattack.com\/vn\/media\/2020\/07\/Supervision_01-300x300.jpg\" class=\"attachment-thumbnail size-thumbnail\" alt=\"-\" loading=\"lazy\" title=\"\"><\/a>\n\t\t\t<\/div><\/figure><figure class='gallery-item'>\n\t\t\t<div class='gallery-icon landscape'>\n\t\t\t\t<a href='https:\/\/www.ideattack.com\/vn\/media\/2020\/07\/Supervision_02.jpg'><img width=\"300\" height=\"300\" src=\"https:\/\/www.ideattack.com\/vn\/media\/2020\/07\/Supervision_02-300x300.jpg\" class=\"attachment-thumbnail size-thumbnail\" alt=\"-\" loading=\"lazy\" title=\"\"><\/a>\n\t\t\t<\/div><\/figure><figure class='gallery-item'>\n\t\t\t<div class='gallery-icon landscape'>\n\t\t\t\t<a href='https:\/\/www.ideattack.com\/vn\/media\/2020\/07\/Supervision_03.jpg'><img width=\"300\" height=\"300\" src=\"https:\/\/www.ideattack.com\/vn\/media\/2020\/07\/Supervision_03-300x300.jpg\" class=\"attachment-thumbnail size-thumbnail\" alt=\"-\" loading=\"lazy\" title=\"\"><\/a>\n\t\t\t<\/div><\/figure><figure class='gallery-item'>\n\t\t\t<div class='gallery-icon landscape'>\n\t\t\t\t<a href='https:\/\/www.ideattack.com\/vn\/media\/2020\/07\/Supervision_04.jpg'><img width=\"300\" height=\"300\" src=\"https:\/\/www.ideattack.com\/vn\/media\/2020\/07\/Supervision_04-300x300.jpg\" class=\"attachment-thumbnail size-thumbnail\" alt=\"-\" loading=\"lazy\" title=\"\"><\/a>\n\t\t\t<\/div><\/figure><figure class='gallery-item'>\n\t\t\t<div class='gallery-icon landscape'>\n\t\t\t\t<a href='https:\/\/www.ideattack.com\/vn\/media\/2020\/07\/Supervision_05.jpg'><img width=\"300\" height=\"300\" src=\"https:\/\/www.ideattack.com\/vn\/media\/2020\/07\/Supervision_05-300x300.jpg\" class=\"attachment-thumbnail size-thumbnail\" alt=\"-\" loading=\"lazy\" title=\"\"><\/a>\n\t\t\t<\/div><\/figure><figure class='gallery-item'>\n\t\t\t<div class='gallery-icon landscape'>\n\t\t\t\t<a href='https:\/\/www.ideattack.com\/vn\/media\/2020\/07\/Supervision_06.jpg'><img width=\"300\" height=\"300\" src=\"https:\/\/www.ideattack.com\/vn\/media\/2020\/07\/Supervision_06-300x300.jpg\" class=\"attachment-thumbnail size-thumbnail\" alt=\"-\" loading=\"lazy\" title=\"\"><\/a>\n\t\t\t<\/div><\/figure><figure class='gallery-item'>\n\t\t\t<div class='gallery-icon landscape'>\n\t\t\t\t<a href='https:\/\/www.ideattack.com\/vn\/media\/2020\/07\/Supervision_07.jpg'><img width=\"300\" height=\"300\" src=\"https:\/\/www.ideattack.com\/vn\/media\/2020\/07\/Supervision_07-300x300.jpg\" class=\"attachment-thumbnail size-thumbnail\" alt=\"-\" loading=\"lazy\" title=\"\"><\/a>\n\t\t\t<\/div><\/figure><figure class='gallery-item'>\n\t\t\t<div class='gallery-icon landscape'>\n\t\t\t\t<a href='https:\/\/www.ideattack.com\/vn\/media\/2020\/07\/Supervision_08.jpg'><img width=\"300\" height=\"300\" src=\"https:\/\/www.ideattack.com\/vn\/media\/2020\/07\/Supervision_08-300x300.jpg\" class=\"attachment-thumbnail size-thumbnail\" alt=\"-\" loading=\"lazy\" title=\"\"><\/a>\n\t\t\t<\/div><\/figure><figure class='gallery-item'>\n\t\t\t<div class='gallery-icon landscape'>\n\t\t\t\t<a href='https:\/\/www.ideattack.com\/vn\/media\/2020\/07\/Supervision_10.jpg'><img width=\"300\" height=\"300\" src=\"https:\/\/www.ideattack.com\/vn\/media\/2020\/07\/Supervision_10-300x300.jpg\" class=\"attachment-thumbnail size-thumbnail\" alt=\"-\" loading=\"lazy\" title=\"\"><\/a>\n\t\t\t<\/div><\/figure><figure class='gallery-item'>\n\t\t\t<div class='gallery-icon landscape'>\n\t\t\t\t<a href='https:\/\/www.ideattack.com\/vn\/media\/2020\/07\/Supervision_11.jpg'><img width=\"300\" height=\"300\" src=\"https:\/\/www.ideattack.com\/vn\/media\/2020\/07\/Supervision_11-300x300.jpg\" class=\"attachment-thumbnail size-thumbnail\" alt=\"-\" loading=\"lazy\" title=\"\"><\/a>\n\t\t\t<\/div><\/figure><figure class='gallery-item'>\n\t\t\t<div class='gallery-icon landscape'>\n\t\t\t\t<a href='https:\/\/www.ideattack.com\/vn\/media\/2020\/07\/Supervision_12.jpg'><img width=\"300\" height=\"300\" src=\"https:\/\/www.ideattack.com\/vn\/media\/2020\/07\/Supervision_12-300x300.jpg\" class=\"attachment-thumbnail size-thumbnail\" alt=\"-\" loading=\"lazy\" title=\"\"><\/a>\n\t\t\t<\/div><\/figure><figure class='gallery-item'>\n\t\t\t<div class='gallery-icon landscape'>\n\t\t\t\t<a href='https:\/\/www.ideattack.com\/vn\/media\/2020\/07\/Supervision_13.jpg'><img width=\"300\" height=\"300\" src=\"https:\/\/www.ideattack.com\/vn\/media\/2020\/07\/Supervision_13-300x300.jpg\" class=\"attachment-thumbnail size-thumbnail\" alt=\"-\" loading=\"lazy\" title=\"\"><\/a>\n\t\t\t<\/div><\/figure><figure class='gallery-item'>\n\t\t\t<div class='gallery-icon landscape'>\n\t\t\t\t<a href='https:\/\/www.ideattack.com\/vn\/media\/2020\/07\/Supervision_14.jpg'><img width=\"300\" height=\"300\" src=\"https:\/\/www.ideattack.com\/vn\/media\/2020\/07\/Supervision_14-300x300.jpg\" class=\"attachment-thumbnail size-thumbnail\" alt=\"-\" loading=\"lazy\" title=\"\"><\/a>\n\t\t\t<\/div><\/figure><figure class='gallery-item'>\n\t\t\t<div class='gallery-icon landscape'>\n\t\t\t\t<a href='https:\/\/www.ideattack.com\/vn\/media\/2020\/07\/Supervision_15.jpg'><img width=\"300\" height=\"300\" src=\"https:\/\/www.ideattack.com\/vn\/media\/2020\/07\/Supervision_15-300x300.jpg\" class=\"attachment-thumbnail size-thumbnail\" alt=\"-\" loading=\"lazy\" title=\"\"><\/a>\n\t\t\t<\/div><\/figure><figure class='gallery-item'>\n\t\t\t<div class='gallery-icon landscape'>\n\t\t\t\t<a href='https:\/\/www.ideattack.com\/vn\/media\/2020\/07\/Supervision_16.jpg'><img width=\"300\" height=\"300\" src=\"https:\/\/www.ideattack.com\/vn\/media\/2020\/07\/Supervision_16-300x300.jpg\" class=\"attachment-thumbnail size-thumbnail\" alt=\"-\" loading=\"lazy\" title=\"\"><\/a>\n\t\t\t<\/div><\/figure><figure class='gallery-item'>\n\t\t\t<div class='gallery-icon landscape'>\n\t\t\t\t<a href='https:\/\/www.ideattack.com\/vn\/media\/2020\/07\/Supervision_17.jpg'><img width=\"300\" height=\"300\" src=\"https:\/\/www.ideattack.com\/vn\/media\/2020\/07\/Supervision_17-300x300.jpg\" class=\"attachment-thumbnail size-thumbnail\" alt=\"-\" loading=\"lazy\" title=\"\"><\/a>\n\t\t\t<\/div><\/figure><figure class='gallery-item'>\n\t\t\t<div class='gallery-icon landscape'>\n\t\t\t\t<a href='https:\/\/www.ideattack.com\/vn\/media\/2020\/07\/Supervision_18.jpg'><img width=\"300\" height=\"300\" src=\"https:\/\/www.ideattack.com\/vn\/media\/2020\/07\/Supervision_18-300x300.jpg\" class=\"attachment-thumbnail size-thumbnail\" alt=\"-\" loading=\"lazy\" title=\"\"><\/a>\n\t\t\t<\/div><\/figure><figure class='gallery-item'>\n\t\t\t<div class='gallery-icon landscape'>\n\t\t\t\t<a href='https:\/\/www.ideattack.com\/vn\/media\/2020\/07\/Supervision_19.jpg'><img width=\"300\" height=\"300\" src=\"https:\/\/www.ideattack.com\/vn\/media\/2020\/07\/Supervision_19-300x300.jpg\" class=\"attachment-thumbnail size-thumbnail\" alt=\"-\" loading=\"lazy\" title=\"\"><\/a>\n\t\t\t<\/div><\/figure><figure class='gallery-item'>\n\t\t\t<div class='gallery-icon landscape'>\n\t\t\t\t<a href='https:\/\/www.ideattack.com\/vn\/media\/2020\/07\/Supervision_20.jpg'><img width=\"300\" height=\"300\" src=\"https:\/\/www.ideattack.com\/vn\/media\/2020\/07\/Supervision_20-300x300.jpg\" class=\"attachment-thumbnail size-thumbnail\" alt=\"-\" loading=\"lazy\" title=\"\"><\/a>\n\t\t\t<\/div><\/figure><figure class='gallery-item'>\n\t\t\t<div class='gallery-icon landscape'>\n\t\t\t\t<a href='https:\/\/www.ideattack.com\/vn\/media\/2020\/07\/Supervision_21.jpg'><img width=\"300\" height=\"300\" src=\"https:\/\/www.ideattack.com\/vn\/media\/2020\/07\/Supervision_21-300x300.jpg\" class=\"attachment-thumbnail size-thumbnail\" alt=\"-\" loading=\"lazy\" title=\"\"><\/a>\n\t\t\t<\/div><\/figure><figure class='gallery-item'>\n\t\t\t<div class='gallery-icon landscape'>\n\t\t\t\t<a href='https:\/\/www.ideattack.com\/vn\/media\/2020\/07\/Supervision_22.jpg'><img width=\"300\" height=\"300\" src=\"https:\/\/www.ideattack.com\/vn\/media\/2020\/07\/Supervision_22-300x300.jpg\" class=\"attachment-thumbnail size-thumbnail\" alt=\"-\" loading=\"lazy\" title=\"\"><\/a>\n\t\t\t<\/div><\/figure><figure class='gallery-item'>\n\t\t\t<div class='gallery-icon landscape'>\n\t\t\t\t<a href='https:\/\/www.ideattack.com\/vn\/media\/2020\/07\/Supervision_23.jpg'><img width=\"300\" height=\"300\" src=\"https:\/\/www.ideattack.com\/vn\/media\/2020\/07\/Supervision_23-300x300.jpg\" class=\"attachment-thumbnail size-thumbnail\" alt=\"-\" loading=\"lazy\" title=\"\"><\/a>\n\t\t\t<\/div><\/figure><figure class='gallery-item'>\n\t\t\t<div class='gallery-icon landscape'>\n\t\t\t\t<a href='https:\/\/www.ideattack.com\/vn\/media\/2020\/07\/Supervision_25.jpg'><img width=\"300\" height=\"300\" src=\"https:\/\/www.ideattack.com\/vn\/media\/2020\/07\/Supervision_25-300x300.jpg\" class=\"attachment-thumbnail size-thumbnail\" alt=\"-\" loading=\"lazy\" title=\"\"><\/a>\n\t\t\t<\/div><\/figure><figure class='gallery-item'>\n\t\t\t<div class='gallery-icon landscape'>\n\t\t\t\t<a href='https:\/\/www.ideattack.com\/vn\/media\/2020\/07\/Supervision_26.jpg'><img width=\"300\" height=\"300\" src=\"https:\/\/www.ideattack.com\/vn\/media\/2020\/07\/Supervision_26-300x300.jpg\" class=\"attachment-thumbnail size-thumbnail\" alt=\"-\" loading=\"lazy\" title=\"\"><\/a>\n\t\t\t<\/div><\/figure><figure class='gallery-item'>\n\t\t\t<div class='gallery-icon landscape'>\n\t\t\t\t<a href='https:\/\/www.ideattack.com\/vn\/media\/2020\/07\/Supervision_27.jpg'><img width=\"300\" height=\"300\" src=\"https:\/\/www.ideattack.com\/vn\/media\/2020\/07\/Supervision_27-300x300.jpg\" class=\"attachment-thumbnail size-thumbnail\" alt=\"-\" loading=\"lazy\" title=\"\"><\/a>\n\t\t\t<\/div><\/figure><figure class='gallery-item'>\n\t\t\t<div class='gallery-icon landscape'>\n\t\t\t\t<a href='https:\/\/www.ideattack.com\/vn\/media\/2020\/07\/Supervision_28.jpg'><img width=\"300\" height=\"300\" src=\"https:\/\/www.ideattack.com\/vn\/media\/2020\/07\/Supervision_28-300x300.jpg\" class=\"attachment-thumbnail size-thumbnail\" alt=\"-\" loading=\"lazy\" title=\"\"><\/a>\n\t\t\t<\/div><\/figure><figure class='gallery-item'>\n\t\t\t<div class='gallery-icon landscape'>\n\t\t\t\t<a href='https:\/\/www.ideattack.com\/vn\/media\/2020\/07\/Supervision_09.jpg'><img width=\"300\" height=\"300\" src=\"https:\/\/www.ideattack.com\/vn\/media\/2020\/07\/Supervision_09-300x300.jpg\" class=\"attachment-thumbnail size-thumbnail\" alt=\"-\" loading=\"lazy\" title=\"\"><\/a>\n\t\t\t<\/div><\/figure><figure class='gallery-item'>\n\t\t\t<div class='gallery-icon landscape'>\n\t\t\t\t<a href='https:\/\/www.ideattack.com\/vn\/media\/2020\/07\/Supervision_24-1.jpg'><img width=\"300\" height=\"300\" src=\"https:\/\/www.ideattack.com\/vn\/media\/2020\/07\/Supervision_24-1-300x300.jpg\" class=\"attachment-thumbnail size-thumbnail\" alt=\"-\" loading=\"lazy\" title=\"\"><\/a>\n\t\t\t<\/div><\/figure>\n\t\t<\/div>\n\n<p>&nbsp;<\/p>\n","protected":false},"excerpt":{"rendered":"<p>Sau khi k\u1ebft th\u00fac giai \u0111o\u1ea1n ph\u00e1t tri\u1ec3n s\u00e1ng t\u1ea1o c\u1ee7a d\u1ef1 \u00e1n th\u00ec s\u1ebd b\u1eaft \u0111\u1ea7u th\u1ef1c hi\u1ec7n b\u01b0\u1edbc ti\u1ebfp theo: L\u1eafp \u0111\u1eb7t. \u0110\u00e2y l\u00e0 giai \u0111o\u1ea1n khi m\u1ed9t d\u1ef1 \u00e1n \u0111\u01b0\u1ee3c chuy\u1ec3n t\u1eeb thi\u1ebft k\u1ebf v\u00e0 b\u1ea3n v\u1ebd tr\u00ean gi\u1ea5y sang ho\u1ea1t \u0111\u1ed9ng thi c\u00f4ng v\u00e0 ch\u1ebf t\u1ea1o th\u1ef1c t\u1ebf t\u1ea1i c\u00f4ng tr\u01b0\u1eddng. \u0110\u00e2y l\u00e0 th\u1eddi \u0111i\u1ec3m v\u00f4 c\u00f9ng quan tr\u1ecdng v\u00ec ch\u1ea5t l\u01b0\u1ee3ng v\u00e0 t\u00ednh li\u00ean t\u1ee5c l\u00e0 quan tr\u1ecdng nh\u1ea5t. Qu\u00e1 tr\u00ecnh n\u00e0y kh\u00f4ng ch\u1ec9 \u0111\u00f2i h\u1ecfi nh\u00e2n s\u1ef1 thi c\u00f4ng, th\u1ee3 \u0111i\u1ec7n, k\u1ef9 s\u01b0, th\u1ee3 s\u01a1n v\u00e0 ng\u01b0\u1eddi thi\u1ebft k\u1ebf phong c\u1ea3nh &#8211; m\u00e0 c\u00f2n&#8230;<\/p>\n","protected":false},"author":1,"featured_media":561,"parent":331,"menu_order":50,"comment_status":"closed","ping_status":"closed","template":"","meta":[],"_links":{"self":[{"href":"https:\/\/www.ideattack.com\/vn\/wp-json\/wp\/v2\/pages\/404"}],"collection":[{"href":"https:\/\/www.ideattack.com\/vn\/wp-json\/wp\/v2\/pages"}],"about":[{"href":"https:\/\/www.ideattack.com\/vn\/wp-json\/wp\/v2\/types\/page"}],"author":[{"embeddable":true,"href":"https:\/\/www.ideattack.com\/vn\/wp-json\/wp\/v2\/users\/1"}],"replies":[{"embeddable":true,"href":"https:\/\/www.ideattack.com\/vn\/wp-json\/wp\/v2\/comments?post=404"}],"version-history":[{"count":7,"href":"https:\/\/www.ideattack.com\/vn\/wp-json\/wp\/v2\/pages\/404\/revisions"}],"predecessor-version":[{"id":1627,"href":"https:\/\/www.ideattack.com\/vn\/wp-json\/wp\/v2\/pages\/404\/revisions\/1627"}],"up":[{"embeddable":true,"href":"https:\/\/www.ideattack.com\/vn\/wp-json\/wp\/v2\/pages\/331"}],"wp:featuredmedia":[{"embeddable":true,"href":"https:\/\/www.ideattack.com\/vn\/wp-json\/wp\/v2\/media\/561"}],"wp:attachment":[{"href":"https:\/\/www.ideattack.com\/vn\/wp-json\/wp\/v2\/media?parent=404"}],"curies":[{"name":"wp","href":"https:\/\/api.w.org\/{rel}","templated":true}]}}