{"id":406,"date":"2020-07-05T11:24:58","date_gmt":"2020-07-05T09:24:58","guid":{"rendered":"https:\/\/ideattack.com\/vn\/?page_id=406"},"modified":"2020-09-18T19:49:10","modified_gmt":"2020-09-18T17:49:10","slug":"brand-ip-integration","status":"publish","type":"page","link":"https:\/\/www.ideattack.com\/vn\/services\/brand-ip-integration\/","title":{"rendered":"T\u00edch h\u1ee3p IP\/th\u01b0\u01a1ng hi\u1ec7u"},"content":{"rendered":"<p>Th\u00f4ng th\u01b0\u1eddng s\u1ebd c\u00f3 m\u1ed9t th\u01b0\u01a1ng hi\u1ec7u ho\u1eb7c s\u1edf h\u1eefu tr\u00ed tu\u1ec7 (IP) c\u1ee5 th\u1ec3 g\u1eafn li\u1ec1n v\u1edbi m\u1ed9t \u0111i\u1ec3m tham quan, v\u00f9ng \u0111\u1ea5t theo ch\u1ee7 \u0111\u1ec1 ho\u1eb7c to\u00e0n b\u1ed9 c\u00f4ng vi\u00ean\/tr\u1ea3i nghi\u1ec7m ch\u1ee7 \u0111\u1ec1. Trong tr\u01b0\u1eddng h\u1ee3p n\u00e0y, \u0111i\u1ec1u v\u00f4 c\u00f9ng quan tr\u1ecdng l\u00e0 \u0111\u1ed9i ng\u0169 ph\u00e1t tri\u1ec3n s\u00e1ng t\u1ea1o k\u1ebft h\u1ee3p ch\u1eb7t ch\u1ebd v\u1edbi ng\u01b0\u1eddi s\u1edf h\u1eefu IP \u0111\u1ec3 \u0111\u1ea3m b\u1ea3o m\u1ed7i nh\u00e2n v\u1eadt ho\u1eb7c nh\u01b0\u1ee3ng quy\u1ec1n th\u01b0\u01a1ng m\u1ea1i \u0111\u01b0\u1ee3c minh h\u1ecda, \u0111\u1ea1i di\u1ec7n v\u00e0 t\u00edch h\u1ee3p \u0111\u00fang quy c\u00e1ch trong d\u1ef1 \u00e1n. \u0110i\u1ec1u n\u00e0y \u0111\u00f2i h\u1ecfi ph\u1ea3i nghi\u00ean c\u1ee9u r\u1ea5t nhi\u1ec1u v\u1ec1 \u0111\u1ed1i t\u01b0\u1ee3ng, ph\u1ea3i c\u00f3 s\u1ef1 trao \u0111\u1ed5i s\u00fac t\u00edch v\u1edbi ng\u01b0\u1eddi s\u1edf h\u1eefu IP v\u00e0 \u0111\u1ed9i ng\u0169 s\u00e1ng t\u1ea1o c\u00f3 th\u1ec3 th\u1ef1c hi\u1ec7n th\u00e0nh c\u00f4ng n\u1ed9i dung g\u1eafn th\u01b0\u01a1ng hi\u1ec7u t\u1ed1t h\u01a1n c\u1ea3 mong \u0111\u1ee3i c\u1ee7a c\u1ea3 ng\u01b0\u1eddi h\u00e2m m\u1ed9 v\u00e0 kh\u00e1ch h\u00e0ng.<\/p>\n","protected":false},"excerpt":{"rendered":"<p>Th\u00f4ng th\u01b0\u1eddng s\u1ebd c\u00f3 m\u1ed9t th\u01b0\u01a1ng hi\u1ec7u ho\u1eb7c s\u1edf h\u1eefu tr\u00ed tu\u1ec7 (IP) c\u1ee5 th\u1ec3 g\u1eafn li\u1ec1n v\u1edbi m\u1ed9t \u0111i\u1ec3m tham quan, v\u00f9ng \u0111\u1ea5t theo ch\u1ee7 \u0111\u1ec1 ho\u1eb7c to\u00e0n b\u1ed9 c\u00f4ng vi\u00ean\/tr\u1ea3i nghi\u1ec7m ch\u1ee7 \u0111\u1ec1. Trong tr\u01b0\u1eddng h\u1ee3p n\u00e0y, \u0111i\u1ec1u v\u00f4 c\u00f9ng quan tr\u1ecdng l\u00e0 \u0111\u1ed9i ng\u0169 ph\u00e1t tri\u1ec3n s\u00e1ng t\u1ea1o k\u1ebft h\u1ee3p ch\u1eb7t ch\u1ebd v\u1edbi ng\u01b0\u1eddi s\u1edf h\u1eefu IP \u0111\u1ec3 \u0111\u1ea3m b\u1ea3o m\u1ed7i nh\u00e2n v\u1eadt ho\u1eb7c nh\u01b0\u1ee3ng quy\u1ec1n th\u01b0\u01a1ng m\u1ea1i \u0111\u01b0\u1ee3c minh h\u1ecda, \u0111\u1ea1i di\u1ec7n v\u00e0 t\u00edch h\u1ee3p \u0111\u00fang quy c\u00e1ch trong d\u1ef1 \u00e1n. \u0110i\u1ec1u n\u00e0y \u0111\u00f2i h\u1ecfi ph\u1ea3i nghi\u00ean c\u1ee9u r\u1ea5t nhi\u1ec1u v\u1ec1 \u0111\u1ed1i t\u01b0\u1ee3ng, ph\u1ea3i c\u00f3 s\u1ef1&#8230;<\/p>\n","protected":false},"author":1,"featured_media":558,"parent":331,"menu_order":60,"comment_status":"closed","ping_status":"closed","template":"","meta":[],"_links":{"self":[{"href":"https:\/\/www.ideattack.com\/vn\/wp-json\/wp\/v2\/pages\/406"}],"collection":[{"href":"https:\/\/www.ideattack.com\/vn\/wp-json\/wp\/v2\/pages"}],"about":[{"href":"https:\/\/www.ideattack.com\/vn\/wp-json\/wp\/v2\/types\/page"}],"author":[{"embeddable":true,"href":"https:\/\/www.ideattack.com\/vn\/wp-json\/wp\/v2\/users\/1"}],"replies":[{"embeddable":true,"href":"https:\/\/www.ideattack.com\/vn\/wp-json\/wp\/v2\/comments?post=406"}],"version-history":[{"count":7,"href":"https:\/\/www.ideattack.com\/vn\/wp-json\/wp\/v2\/pages\/406\/revisions"}],"predecessor-version":[{"id":1628,"href":"https:\/\/www.ideattack.com\/vn\/wp-json\/wp\/v2\/pages\/406\/revisions\/1628"}],"up":[{"embeddable":true,"href":"https:\/\/www.ideattack.com\/vn\/wp-json\/wp\/v2\/pages\/331"}],"wp:featuredmedia":[{"embeddable":true,"href":"https:\/\/www.ideattack.com\/vn\/wp-json\/wp\/v2\/media\/558"}],"wp:attachment":[{"href":"https:\/\/www.ideattack.com\/vn\/wp-json\/wp\/v2\/media?parent=406"}],"curies":[{"name":"wp","href":"https:\/\/api.w.org\/{rel}","templated":true}]}}