{"id":408,"date":"2020-07-05T11:25:14","date_gmt":"2020-07-05T09:25:14","guid":{"rendered":"https:\/\/ideattack.com\/vn\/?page_id=408"},"modified":"2020-09-18T19:49:23","modified_gmt":"2020-09-18T17:49:23","slug":"character-design","status":"publish","type":"page","link":"https:\/\/www.ideattack.com\/vn\/services\/character-design\/","title":{"rendered":"Thi\u1ebft k\u1ebf nh\u00e2n v\u1eadt"},"content":{"rendered":"<p>Khi thi\u1ebft k\u1ebf c\u00e1c c\u00f4ng vi\u00ean ch\u1ee7 \u0111\u1ec1, v\u1edf di\u1ec5n v\u00e0 \u0111i\u1ec3m tham quan, y\u00eau c\u1ea7u cao nh\u1ea5t l\u00e0 s\u00e1ng t\u1ea1o c\u00e1c nh\u00e2n v\u1eadt \u0111\u1ed9c \u0111\u00e1o v\u00e0 g\u1eafn k\u1ebft. T\u1ea5t c\u1ea3 \u0111\u1ec1u b\u1eaft \u0111\u1ea7u v\u1edbi vi\u1ec7c k\u1ec3 chuy\u1ec7n &#8211; v\u00e0 trong h\u1ea7u h\u1ebft c\u00e1c tr\u01b0\u1eddng h\u1ee3p, c\u00e1c nh\u00e2n v\u1eadt c\u00f3 m\u1ed1i li\u00ean h\u1ec7 l\u00e0 ph\u01b0\u01a1ng ti\u1ec7n \u0111\u1ec3 k\u1ec3 l\u1ea1i nh\u1eefng c\u00e2u chuy\u1ec7n \u0111\u00f3 ho\u1eb7c \u00edt nh\u1ea5t l\u00e0 \u0111\u1ec3 \u0111\u01b0a tr\u1ea3i nghi\u1ec7m chuy\u1ec3n \u0111\u1ed9ng. Thi\u1ebft k\u1ebf m\u1ed9t nh\u00e2n v\u1eadt g\u1ed1c th\u00e0nh c\u00f4ng ph\u1ee9c t\u1ea1p h\u01a1n nhi\u1ec1u so v\u1edbi vi\u1ec7c x\u1eed l\u00fd c\u00e1c IP ho\u1eb7c th\u01b0\u01a1ng hi\u1ec7u \u0111\u00e3 n\u1ed5i ti\u1ebfng, ngh\u1ec7 s\u0129 ph\u1ea3i th\u1ec3 hi\u1ec7n r\u00f5 k\u1ef9 n\u0103ng \u0111\u1ec3 t\u1ea1o ra m\u1ed9t th\u1ef1c th\u1ec3 m\u00e0 kh\u00e1ch tham quan thu\u1ed9c m\u1ecdi l\u1ee9a tu\u1ed5i c\u00f3 th\u1ec3 li\u00ean h\u1ec7 v\u00e0\/ho\u1eb7c ph\u1ea3n \u1ee9ng v\u1edbi c\u1ea3m x\u00fac, cho d\u00f9 \u0111\u00f3 l\u00e0 m\u1ed9t sinh v\u1eadt \u0111\u00e1ng y\u00eau, m\u1ed9t nh\u00e0 ph\u00e1t minh m\u1ea5t tr\u00ed hay m\u1ed9t ch\u00faa t\u1ec3 m\u00e1y m\u00f3c \u0111\u1ea7y h\u0103m d\u1ecda \u0111\u1ebfn t\u1eeb n\u01a1i xa x\u00f4i nh\u1ea5t trong v\u0169 tr\u1ee5. Nh\u00e2n v\u1eadt g\u1ed1c kh\u00f4ng nh\u1eefng ph\u1ea3i c\u00f3 m\u1ed1i li\u00ean h\u1ec7 c\u00e1 nh\u00e2n v\u1edbi kh\u00e1ch tham quan trong khi h\u1ecd tr\u1ea3i nghi\u1ec7m, m\u00e0 c\u00f2n ph\u1ea3i b\u00e1n \u0111\u01b0\u1ee3c tr\u00ean th\u1ecb tr\u01b0\u1eddng \u0111\u1ec3 kh\u00e1ch h\u00e0ng c\u00f3 th\u1ec3 chuy\u1ec3n \u0111\u1ed5i tr\u01a1n tru sang m\u1ecdi kh\u00eda c\u1ea1nh kh\u00e1c c\u1ee7a x\u00e2y d\u1ef1ng th\u01b0\u01a1ng hi\u1ec7u, t\u1eeb qu\u1ea3ng c\u00e1o cho \u0111\u1ebfn b\u00e1n h\u00e0ng c\u00f3 m\u1ee5c ti\u00eau.<\/p>\n<p>&nbsp;<\/p>\n<div id='gallery-1' class='gallery galleryid-408 gallery-columns-6 gallery-size-thumbnail'><figure class='gallery-item'>\n\t\t\t<div class='gallery-icon landscape'>\n\t\t\t\t<a href='https:\/\/www.ideattack.com\/vn\/media\/2020\/07\/Character_01.jpg'><img width=\"300\" height=\"300\" src=\"https:\/\/www.ideattack.com\/vn\/media\/2020\/07\/Character_01-300x300.jpg\" class=\"attachment-thumbnail size-thumbnail\" alt=\"-\" loading=\"lazy\" srcset=\"https:\/\/www.ideattack.com\/vn\/media\/2020\/07\/Character_01-300x300.jpg 300w, https:\/\/www.ideattack.com\/vn\/media\/2020\/07\/Character_01-480x480.jpg 480w, https:\/\/www.ideattack.com\/vn\/media\/2020\/07\/Character_01-768x768.jpg 768w, https:\/\/www.ideattack.com\/vn\/media\/2020\/07\/Character_01-700x700.jpg 700w, https:\/\/www.ideattack.com\/vn\/media\/2020\/07\/Character_01.jpg 800w\" sizes=\"(max-width: 300px) 100vw, 300px\" title=\"\"><\/a>\n\t\t\t<\/div><\/figure><figure class='gallery-item'>\n\t\t\t<div class='gallery-icon portrait'>\n\t\t\t\t<a href='https:\/\/www.ideattack.com\/vn\/media\/2020\/07\/Character_02.jpg'><img width=\"300\" height=\"300\" src=\"https:\/\/www.ideattack.com\/vn\/media\/2020\/07\/Character_02-300x300.jpg\" class=\"attachment-thumbnail size-thumbnail\" alt=\"-\" loading=\"lazy\" srcset=\"https:\/\/www.ideattack.com\/vn\/media\/2020\/07\/Character_02-300x300.jpg 300w, https:\/\/www.ideattack.com\/vn\/media\/2020\/07\/Character_02-700x700.jpg 700w\" sizes=\"(max-width: 300px) 100vw, 300px\" title=\"\"><\/a>\n\t\t\t<\/div><\/figure><figure class='gallery-item'>\n\t\t\t<div class='gallery-icon landscape'>\n\t\t\t\t<a href='https:\/\/www.ideattack.com\/vn\/media\/2020\/07\/Character_03.jpg'><img width=\"300\" height=\"300\" src=\"https:\/\/www.ideattack.com\/vn\/media\/2020\/07\/Character_03-300x300.jpg\" class=\"attachment-thumbnail size-thumbnail\" alt=\"-\" loading=\"lazy\" srcset=\"https:\/\/www.ideattack.com\/vn\/media\/2020\/07\/Character_03-300x300.jpg 300w, https:\/\/www.ideattack.com\/vn\/media\/2020\/07\/Character_03-700x700.jpg 700w\" sizes=\"(max-width: 300px) 100vw, 300px\" title=\"\"><\/a>\n\t\t\t<\/div><\/figure><figure class='gallery-item'>\n\t\t\t<div class='gallery-icon portrait'>\n\t\t\t\t<a href='https:\/\/www.ideattack.com\/vn\/media\/2020\/07\/Character_04.jpg'><img width=\"300\" height=\"300\" src=\"https:\/\/www.ideattack.com\/vn\/media\/2020\/07\/Character_04-300x300.jpg\" class=\"attachment-thumbnail size-thumbnail\" alt=\"-\" loading=\"lazy\" srcset=\"https:\/\/www.ideattack.com\/vn\/media\/2020\/07\/Character_04-300x300.jpg 300w, https:\/\/www.ideattack.com\/vn\/media\/2020\/07\/Character_04-700x700.jpg 700w\" sizes=\"(max-width: 300px) 100vw, 300px\" title=\"\"><\/a>\n\t\t\t<\/div><\/figure><figure class='gallery-item'>\n\t\t\t<div class='gallery-icon portrait'>\n\t\t\t\t<a href='https:\/\/www.ideattack.com\/vn\/media\/2020\/07\/Character_05.jpg'><img width=\"300\" height=\"300\" src=\"https:\/\/www.ideattack.com\/vn\/media\/2020\/07\/Character_05-300x300.jpg\" class=\"attachment-thumbnail size-thumbnail\" alt=\"-\" loading=\"lazy\" srcset=\"https:\/\/www.ideattack.com\/vn\/media\/2020\/07\/Character_05-300x300.jpg 300w, https:\/\/www.ideattack.com\/vn\/media\/2020\/07\/Character_05-700x700.jpg 700w\" sizes=\"(max-width: 300px) 100vw, 300px\" title=\"\"><\/a>\n\t\t\t<\/div><\/figure><figure class='gallery-item'>\n\t\t\t<div class='gallery-icon landscape'>\n\t\t\t\t<a href='https:\/\/www.ideattack.com\/vn\/media\/2020\/07\/Character_06.jpg'><img width=\"300\" height=\"300\" src=\"https:\/\/www.ideattack.com\/vn\/media\/2020\/07\/Character_06-300x300.jpg\" class=\"attachment-thumbnail size-thumbnail\" alt=\"-\" loading=\"lazy\" srcset=\"https:\/\/www.ideattack.com\/vn\/media\/2020\/07\/Character_06-300x300.jpg 300w, https:\/\/www.ideattack.com\/vn\/media\/2020\/07\/Character_06-700x700.jpg 700w\" sizes=\"(max-width: 300px) 100vw, 300px\" title=\"\"><\/a>\n\t\t\t<\/div><\/figure><figure class='gallery-item'>\n\t\t\t<div class='gallery-icon portrait'>\n\t\t\t\t<a href='https:\/\/www.ideattack.com\/vn\/media\/2020\/07\/Character_07.jpg'><img width=\"300\" height=\"300\" src=\"https:\/\/www.ideattack.com\/vn\/media\/2020\/07\/Character_07-300x300.jpg\" class=\"attachment-thumbnail size-thumbnail\" alt=\"-\" loading=\"lazy\" srcset=\"https:\/\/www.ideattack.com\/vn\/media\/2020\/07\/Character_07-300x300.jpg 300w, https:\/\/www.ideattack.com\/vn\/media\/2020\/07\/Character_07-700x700.jpg 700w\" sizes=\"(max-width: 300px) 100vw, 300px\" title=\"\"><\/a>\n\t\t\t<\/div><\/figure><figure class='gallery-item'>\n\t\t\t<div class='gallery-icon landscape'>\n\t\t\t\t<a href='https:\/\/www.ideattack.com\/vn\/media\/2020\/07\/Character_08.jpg'><img width=\"300\" height=\"300\" src=\"https:\/\/www.ideattack.com\/vn\/media\/2020\/07\/Character_08-300x300.jpg\" class=\"attachment-thumbnail size-thumbnail\" alt=\"-\" loading=\"lazy\" title=\"\"><\/a>\n\t\t\t<\/div><\/figure><figure class='gallery-item'>\n\t\t\t<div class='gallery-icon portrait'>\n\t\t\t\t<a href='https:\/\/www.ideattack.com\/vn\/media\/2020\/07\/Character_09.jpg'><img width=\"300\" height=\"300\" src=\"https:\/\/www.ideattack.com\/vn\/media\/2020\/07\/Character_09-300x300.jpg\" class=\"attachment-thumbnail size-thumbnail\" alt=\"-\" loading=\"lazy\" srcset=\"https:\/\/www.ideattack.com\/vn\/media\/2020\/07\/Character_09-300x300.jpg 300w, https:\/\/www.ideattack.com\/vn\/media\/2020\/07\/Character_09-700x700.jpg 700w\" sizes=\"(max-width: 300px) 100vw, 300px\" title=\"\"><\/a>\n\t\t\t<\/div><\/figure><figure class='gallery-item'>\n\t\t\t<div class='gallery-icon portrait'>\n\t\t\t\t<a href='https:\/\/www.ideattack.com\/vn\/media\/2020\/07\/Character_10.jpg'><img width=\"300\" height=\"300\" src=\"https:\/\/www.ideattack.com\/vn\/media\/2020\/07\/Character_10-300x300.jpg\" class=\"attachment-thumbnail size-thumbnail\" alt=\"-\" loading=\"lazy\" srcset=\"https:\/\/www.ideattack.com\/vn\/media\/2020\/07\/Character_10-300x300.jpg 300w, https:\/\/www.ideattack.com\/vn\/media\/2020\/07\/Character_10-700x700.jpg 700w\" sizes=\"(max-width: 300px) 100vw, 300px\" title=\"\"><\/a>\n\t\t\t<\/div><\/figure><figure class='gallery-item'>\n\t\t\t<div class='gallery-icon portrait'>\n\t\t\t\t<a href='https:\/\/www.ideattack.com\/vn\/media\/2020\/07\/Character_11.jpg'><img width=\"300\" height=\"300\" src=\"https:\/\/www.ideattack.com\/vn\/media\/2020\/07\/Character_11-300x300.jpg\" class=\"attachment-thumbnail size-thumbnail\" alt=\"-\" loading=\"lazy\" srcset=\"https:\/\/www.ideattack.com\/vn\/media\/2020\/07\/Character_11-300x300.jpg 300w, https:\/\/www.ideattack.com\/vn\/media\/2020\/07\/Character_11-700x700.jpg 700w\" sizes=\"(max-width: 300px) 100vw, 300px\" title=\"\"><\/a>\n\t\t\t<\/div><\/figure><figure class='gallery-item'>\n\t\t\t<div class='gallery-icon landscape'>\n\t\t\t\t<a href='https:\/\/www.ideattack.com\/vn\/media\/2020\/07\/Character_12.jpg'><img width=\"300\" height=\"300\" src=\"https:\/\/www.ideattack.com\/vn\/media\/2020\/07\/Character_12-300x300.jpg\" class=\"attachment-thumbnail size-thumbnail\" alt=\"-\" loading=\"lazy\" srcset=\"https:\/\/www.ideattack.com\/vn\/media\/2020\/07\/Character_12-300x300.jpg 300w, https:\/\/www.ideattack.com\/vn\/media\/2020\/07\/Character_12-700x700.jpg 700w\" sizes=\"(max-width: 300px) 100vw, 300px\" title=\"\"><\/a>\n\t\t\t<\/div><\/figure><figure class='gallery-item'>\n\t\t\t<div class='gallery-icon landscape'>\n\t\t\t\t<a href='https:\/\/www.ideattack.com\/vn\/media\/2020\/07\/Character_13.jpg'><img width=\"300\" height=\"300\" src=\"https:\/\/www.ideattack.com\/vn\/media\/2020\/07\/Character_13-300x300.jpg\" class=\"attachment-thumbnail size-thumbnail\" alt=\"-\" loading=\"lazy\" title=\"\"><\/a>\n\t\t\t<\/div><\/figure><figure class='gallery-item'>\n\t\t\t<div class='gallery-icon landscape'>\n\t\t\t\t<a href='https:\/\/www.ideattack.com\/vn\/media\/2020\/07\/Character_15.jpg'><img width=\"300\" height=\"300\" src=\"https:\/\/www.ideattack.com\/vn\/media\/2020\/07\/Character_15-300x300.jpg\" class=\"attachment-thumbnail size-thumbnail\" alt=\"-\" loading=\"lazy\" title=\"\"><\/a>\n\t\t\t<\/div><\/figure><figure class='gallery-item'>\n\t\t\t<div class='gallery-icon landscape'>\n\t\t\t\t<a href='https:\/\/www.ideattack.com\/vn\/media\/2020\/07\/Character_16.jpg'><img width=\"300\" height=\"300\" src=\"https:\/\/www.ideattack.com\/vn\/media\/2020\/07\/Character_16-300x300.jpg\" class=\"attachment-thumbnail size-thumbnail\" alt=\"-\" loading=\"lazy\" title=\"\"><\/a>\n\t\t\t<\/div><\/figure><figure class='gallery-item'>\n\t\t\t<div class='gallery-icon landscape'>\n\t\t\t\t<a href='https:\/\/www.ideattack.com\/vn\/media\/2020\/07\/Character_17.jpg'><img width=\"300\" height=\"300\" src=\"https:\/\/www.ideattack.com\/vn\/media\/2020\/07\/Character_17-300x300.jpg\" class=\"attachment-thumbnail size-thumbnail\" alt=\"-\" loading=\"lazy\" title=\"\"><\/a>\n\t\t\t<\/div><\/figure><figure class='gallery-item'>\n\t\t\t<div class='gallery-icon landscape'>\n\t\t\t\t<a href='https:\/\/www.ideattack.com\/vn\/media\/2020\/07\/Character_18.jpg'><img width=\"300\" height=\"300\" src=\"https:\/\/www.ideattack.com\/vn\/media\/2020\/07\/Character_18-300x300.jpg\" class=\"attachment-thumbnail size-thumbnail\" alt=\"-\" loading=\"lazy\" title=\"\"><\/a>\n\t\t\t<\/div><\/figure><figure class='gallery-item'>\n\t\t\t<div class='gallery-icon landscape'>\n\t\t\t\t<a href='https:\/\/www.ideattack.com\/vn\/media\/2020\/07\/Character_19.jpg'><img width=\"300\" height=\"300\" src=\"https:\/\/www.ideattack.com\/vn\/media\/2020\/07\/Character_19-300x300.jpg\" class=\"attachment-thumbnail size-thumbnail\" alt=\"-\" loading=\"lazy\" title=\"\"><\/a>\n\t\t\t<\/div><\/figure><figure class='gallery-item'>\n\t\t\t<div class='gallery-icon landscape'>\n\t\t\t\t<a href='https:\/\/www.ideattack.com\/vn\/media\/2020\/07\/Character_20.jpg'><img width=\"300\" height=\"300\" src=\"https:\/\/www.ideattack.com\/vn\/media\/2020\/07\/Character_20-300x300.jpg\" class=\"attachment-thumbnail size-thumbnail\" alt=\"-\" loading=\"lazy\" title=\"\"><\/a>\n\t\t\t<\/div><\/figure><figure class='gallery-item'>\n\t\t\t<div class='gallery-icon landscape'>\n\t\t\t\t<a href='https:\/\/www.ideattack.com\/vn\/media\/2020\/07\/Character_21.jpg'><img width=\"300\" height=\"300\" src=\"https:\/\/www.ideattack.com\/vn\/media\/2020\/07\/Character_21-300x300.jpg\" class=\"attachment-thumbnail size-thumbnail\" alt=\"-\" loading=\"lazy\" title=\"\"><\/a>\n\t\t\t<\/div><\/figure><figure class='gallery-item'>\n\t\t\t<div class='gallery-icon landscape'>\n\t\t\t\t<a href='https:\/\/www.ideattack.com\/vn\/media\/2020\/07\/Character_22.jpg'><img width=\"300\" height=\"300\" src=\"https:\/\/www.ideattack.com\/vn\/media\/2020\/07\/Character_22-300x300.jpg\" class=\"attachment-thumbnail size-thumbnail\" alt=\"-\" loading=\"lazy\" title=\"\"><\/a>\n\t\t\t<\/div><\/figure><figure class='gallery-item'>\n\t\t\t<div class='gallery-icon landscape'>\n\t\t\t\t<a href='https:\/\/www.ideattack.com\/vn\/media\/2020\/07\/Character_23.jpg'><img width=\"300\" height=\"300\" src=\"https:\/\/www.ideattack.com\/vn\/media\/2020\/07\/Character_23-300x300.jpg\" class=\"attachment-thumbnail size-thumbnail\" alt=\"-\" loading=\"lazy\" title=\"\"><\/a>\n\t\t\t<\/div><\/figure><figure class='gallery-item'>\n\t\t\t<div class='gallery-icon landscape'>\n\t\t\t\t<a href='https:\/\/www.ideattack.com\/vn\/media\/2020\/07\/Character_14.jpg'><img width=\"300\" height=\"300\" src=\"https:\/\/www.ideattack.com\/vn\/media\/2020\/07\/Character_14-300x300.jpg\" class=\"attachment-thumbnail size-thumbnail\" alt=\"-\" loading=\"lazy\" title=\"\"><\/a>\n\t\t\t<\/div><\/figure>\n\t\t<\/div>\n\n","protected":false},"excerpt":{"rendered":"<p>Khi thi\u1ebft k\u1ebf c\u00e1c c\u00f4ng vi\u00ean ch\u1ee7 \u0111\u1ec1, v\u1edf di\u1ec5n v\u00e0 \u0111i\u1ec3m tham quan, y\u00eau c\u1ea7u cao nh\u1ea5t l\u00e0 s\u00e1ng t\u1ea1o c\u00e1c nh\u00e2n v\u1eadt \u0111\u1ed9c \u0111\u00e1o v\u00e0 g\u1eafn k\u1ebft. T\u1ea5t c\u1ea3 \u0111\u1ec1u b\u1eaft \u0111\u1ea7u v\u1edbi vi\u1ec7c k\u1ec3 chuy\u1ec7n &#8211; v\u00e0 trong h\u1ea7u h\u1ebft c\u00e1c tr\u01b0\u1eddng h\u1ee3p, c\u00e1c nh\u00e2n v\u1eadt c\u00f3 m\u1ed1i li\u00ean h\u1ec7 l\u00e0 ph\u01b0\u01a1ng ti\u1ec7n \u0111\u1ec3 k\u1ec3 l\u1ea1i nh\u1eefng c\u00e2u chuy\u1ec7n \u0111\u00f3 ho\u1eb7c \u00edt nh\u1ea5t l\u00e0 \u0111\u1ec3 \u0111\u01b0a tr\u1ea3i nghi\u1ec7m chuy\u1ec3n \u0111\u1ed9ng. Thi\u1ebft k\u1ebf m\u1ed9t nh\u00e2n v\u1eadt g\u1ed1c th\u00e0nh c\u00f4ng ph\u1ee9c t\u1ea1p h\u01a1n nhi\u1ec1u so v\u1edbi vi\u1ec7c x\u1eed l\u00fd c\u00e1c IP ho\u1eb7c th\u01b0\u01a1ng hi\u1ec7u \u0111\u00e3 n\u1ed5i ti\u1ebfng, ngh\u1ec7 s\u0129&#8230;<\/p>\n","protected":false},"author":1,"featured_media":559,"parent":331,"menu_order":70,"comment_status":"closed","ping_status":"closed","template":"","meta":[],"_links":{"self":[{"href":"https:\/\/www.ideattack.com\/vn\/wp-json\/wp\/v2\/pages\/408"}],"collection":[{"href":"https:\/\/www.ideattack.com\/vn\/wp-json\/wp\/v2\/pages"}],"about":[{"href":"https:\/\/www.ideattack.com\/vn\/wp-json\/wp\/v2\/types\/page"}],"author":[{"embeddable":true,"href":"https:\/\/www.ideattack.com\/vn\/wp-json\/wp\/v2\/users\/1"}],"replies":[{"embeddable":true,"href":"https:\/\/www.ideattack.com\/vn\/wp-json\/wp\/v2\/comments?post=408"}],"version-history":[{"count":11,"href":"https:\/\/www.ideattack.com\/vn\/wp-json\/wp\/v2\/pages\/408\/revisions"}],"predecessor-version":[{"id":1629,"href":"https:\/\/www.ideattack.com\/vn\/wp-json\/wp\/v2\/pages\/408\/revisions\/1629"}],"up":[{"embeddable":true,"href":"https:\/\/www.ideattack.com\/vn\/wp-json\/wp\/v2\/pages\/331"}],"wp:featuredmedia":[{"embeddable":true,"href":"https:\/\/www.ideattack.com\/vn\/wp-json\/wp\/v2\/media\/559"}],"wp:attachment":[{"href":"https:\/\/www.ideattack.com\/vn\/wp-json\/wp\/v2\/media?parent=408"}],"curies":[{"name":"wp","href":"https:\/\/api.w.org\/{rel}","templated":true}]}}