{"id":410,"date":"2020-07-05T11:25:38","date_gmt":"2020-07-05T09:25:38","guid":{"rendered":"https:\/\/ideattack.com\/vn\/?page_id=410"},"modified":"2020-09-18T19:49:45","modified_gmt":"2020-09-18T17:49:45","slug":"project-signage-wayfinding-design","status":"publish","type":"page","link":"https:\/\/www.ideattack.com\/vn\/services\/project-signage-wayfinding-design\/","title":{"rendered":"Thi\u1ebft k\u1ebf bi\u1ec3n b\u00e1o\/ch\u1ec9 \u0111\u01b0\u1eddng cho d\u1ef1 \u00e1n"},"content":{"rendered":"<p>Li\u1ec7u m\u00e1i c\u1eeda c\u1ee7a \u0111i\u1ec3m tham quan ho\u1eb7c bi\u1ec3n ch\u1ec9 \u0111\u01b0\u1eddng c\u00f3 ch\u1ec9 kh\u00e1ch tham quan \u0111\u1ebfn nh\u00e0 v\u1ec7 sinh g\u1ea7n nh\u1ea5t, ch\u1ec9 \u0111\u01b0\u1eddng trong c\u00f4ng vi\u00ean ch\u1ee7 \u0111\u1ec1 hay \u0111i\u1ec3m tham quan hay kh\u00f4ng l\u00e0 \u0111i\u1ec1u c\u1ef1c k\u1ef3 quan tr\u1ecdng, kh\u00f4ng ch\u1ec9 v\u00ec l\u1ee3i \u00edch c\u1ee7a lu\u1ed3ng kh\u00e1ch; m\u00e0 \u0111\u00e2y c\u0169ng l\u00e0 m\u1ed9t ph\u1ea7n trong ch\u1ee7 \u0111\u1ec1 t\u1ed5ng th\u1ec3 v\u00e0 c\u00e2u chuy\u1ec7n m\u00e0 b\u1ea1n s\u1ebd k\u1ec3, \u00edt nh\u1ea5t l\u00e0 v\u1ec1 m\u1eb7t th\u1ea9m m\u1ef9. \u0110i\u1ec1u n\u00e0y \u0111\u00f2i h\u1ecfi ngh\u1ec7 s\u0129 \u0111\u1ed3 h\u1ecda s\u00e1ng t\u1ea1o ph\u1ea3i c\u00f3 k\u1ef9 n\u0103ng ph\u00f9 h\u1ee3p \u0111\u1ec3 hi\u1ec3u s\u1ef1 c\u1ea7n thi\u1ebft ph\u1ea3i th\u00f4ng b\u00e1o cho m\u1ecdi ng\u01b0\u1eddi, \u0111\u1ed3ng th\u1eddi b\u1ed5 sung th\u00eam m\u1ed9t l\u1edbp hi\u1ec7n th\u1ef1c kh\u00e1c cho m\u00f4i tr\u01b0\u1eddng c\u1ee7a bi\u1ec3n b\u00e1o v\u00e0 m\u1ecdi th\u1ee9 xung quanh. Bi\u1ec3n b\u00e1o v\u00e0 ch\u1ec9 \u0111\u01b0\u1eddng h\u1ee3p l\u00fd kh\u00f4ng ch\u1ec9 ch\u1ec9 \u0111\u01b0\u1eddng cho kh\u00e1ch tham quan \u0111\u1ebfn l\u1ed1i tho\u00e1t hay m\u00e1y r\u00fat ti\u1ec1n (ATM) g\u1ea7n nh\u1ea5t, m\u00e0 c\u00f2n ph\u1ea3i truy\u1ec1n t\u1ea3i tinh th\u1ea7n\/ch\u1ee7 \u0111\u1ec1, c\u00f3 l\u1ebd l\u00e0 v\u1ecb tr\u00ed \u0111\u1ecba l\u00fd, \u0111\u00f4i khi l\u00e0 m\u1ed9t th\u1eddi \u0111\u1ea1i c\u1ee5 th\u1ec3 trong l\u1ecbch s\u1eed v\u00e0 th\u01b0\u1eddng \u0111\u01b0\u1ee3c th\u1ef1c hi\u1ec7n b\u1eb1ng nhi\u1ec1u ng\u00f4n ng\u1eef. M\u1ed7i th\u00e0nh ph\u1ea7n tr\u00ean \u0111\u1ec1u g\u00f3p ph\u1ea7n t\u1ea1o n\u00ean thi\u1ebft k\u1ebf ch\u1ec9 \u0111\u01b0\u1eddng h\u1ee3p l\u00fd, ch\u00ednh b\u1ea3n th\u00e2n vi\u1ec7c n\u00e0y \u0111\u00e3 l\u00e0 m\u1ed9t ngh\u1ec7 thu\u1eadt r\u1ed3i.<\/p>\n<div id='gallery-1' class='gallery galleryid-410 gallery-columns-6 gallery-size-thumbnail'><figure class='gallery-item'>\n\t\t\t<div class='gallery-icon landscape'>\n\t\t\t\t<a href='https:\/\/www.ideattack.com\/vn\/media\/2020\/07\/Signage_15.jpg'><img width=\"300\" height=\"300\" src=\"https:\/\/www.ideattack.com\/vn\/media\/2020\/07\/Signage_15-300x300.jpg\" class=\"attachment-thumbnail size-thumbnail\" alt=\"-\" loading=\"lazy\" srcset=\"https:\/\/www.ideattack.com\/vn\/media\/2020\/07\/Signage_15-300x300.jpg 300w, https:\/\/www.ideattack.com\/vn\/media\/2020\/07\/Signage_15-480x480.jpg 480w, https:\/\/www.ideattack.com\/vn\/media\/2020\/07\/Signage_15-768x768.jpg 768w, https:\/\/www.ideattack.com\/vn\/media\/2020\/07\/Signage_15-700x700.jpg 700w, https:\/\/www.ideattack.com\/vn\/media\/2020\/07\/Signage_15.jpg 800w\" sizes=\"(max-width: 300px) 100vw, 300px\" title=\"\"><\/a>\n\t\t\t<\/div><\/figure><figure class='gallery-item'>\n\t\t\t<div class='gallery-icon portrait'>\n\t\t\t\t<a href='https:\/\/www.ideattack.com\/vn\/media\/2020\/07\/Signage_14.jpg'><img width=\"300\" height=\"300\" src=\"https:\/\/www.ideattack.com\/vn\/media\/2020\/07\/Signage_14-300x300.jpg\" class=\"attachment-thumbnail size-thumbnail\" alt=\"-\" loading=\"lazy\" srcset=\"https:\/\/www.ideattack.com\/vn\/media\/2020\/07\/Signage_14-300x300.jpg 300w, https:\/\/www.ideattack.com\/vn\/media\/2020\/07\/Signage_14-700x700.jpg 700w\" sizes=\"(max-width: 300px) 100vw, 300px\" title=\"\"><\/a>\n\t\t\t<\/div><\/figure><figure class='gallery-item'>\n\t\t\t<div class='gallery-icon landscape'>\n\t\t\t\t<a href='https:\/\/www.ideattack.com\/vn\/media\/2020\/07\/Signage_13.jpg'><img width=\"300\" height=\"300\" src=\"https:\/\/www.ideattack.com\/vn\/media\/2020\/07\/Signage_13-300x300.jpg\" class=\"attachment-thumbnail size-thumbnail\" alt=\"-\" loading=\"lazy\" title=\"\"><\/a>\n\t\t\t<\/div><\/figure><figure class='gallery-item'>\n\t\t\t<div class='gallery-icon landscape'>\n\t\t\t\t<a href='https:\/\/www.ideattack.com\/vn\/media\/2020\/07\/Signage_12.jpg'><img width=\"300\" height=\"300\" src=\"https:\/\/www.ideattack.com\/vn\/media\/2020\/07\/Signage_12-300x300.jpg\" class=\"attachment-thumbnail size-thumbnail\" alt=\"-\" loading=\"lazy\" title=\"\"><\/a>\n\t\t\t<\/div><\/figure><figure class='gallery-item'>\n\t\t\t<div class='gallery-icon landscape'>\n\t\t\t\t<a href='https:\/\/www.ideattack.com\/vn\/media\/2020\/07\/Signage_11.jpg'><img width=\"300\" height=\"300\" src=\"https:\/\/www.ideattack.com\/vn\/media\/2020\/07\/Signage_11-300x300.jpg\" class=\"attachment-thumbnail size-thumbnail\" alt=\"-\" loading=\"lazy\" title=\"\"><\/a>\n\t\t\t<\/div><\/figure><figure class='gallery-item'>\n\t\t\t<div class='gallery-icon landscape'>\n\t\t\t\t<a href='https:\/\/www.ideattack.com\/vn\/media\/2020\/07\/Signage_10.jpg'><img width=\"300\" height=\"300\" src=\"https:\/\/www.ideattack.com\/vn\/media\/2020\/07\/Signage_10-300x300.jpg\" class=\"attachment-thumbnail size-thumbnail\" alt=\"-\" loading=\"lazy\" title=\"\"><\/a>\n\t\t\t<\/div><\/figure><figure class='gallery-item'>\n\t\t\t<div class='gallery-icon landscape'>\n\t\t\t\t<a href='https:\/\/www.ideattack.com\/vn\/media\/2020\/07\/Signage_09.jpg'><img width=\"300\" height=\"300\" src=\"https:\/\/www.ideattack.com\/vn\/media\/2020\/07\/Signage_09-300x300.jpg\" class=\"attachment-thumbnail size-thumbnail\" alt=\"-\" loading=\"lazy\" title=\"\"><\/a>\n\t\t\t<\/div><\/figure><figure class='gallery-item'>\n\t\t\t<div class='gallery-icon landscape'>\n\t\t\t\t<a href='https:\/\/www.ideattack.com\/vn\/media\/2020\/07\/Signage_08.jpg'><img width=\"300\" height=\"300\" src=\"https:\/\/www.ideattack.com\/vn\/media\/2020\/07\/Signage_08-300x300.jpg\" class=\"attachment-thumbnail size-thumbnail\" alt=\"-\" loading=\"lazy\" title=\"\"><\/a>\n\t\t\t<\/div><\/figure><figure class='gallery-item'>\n\t\t\t<div class='gallery-icon landscape'>\n\t\t\t\t<a href='https:\/\/www.ideattack.com\/vn\/media\/2020\/07\/Signage_07.jpg'><img width=\"300\" height=\"300\" src=\"https:\/\/www.ideattack.com\/vn\/media\/2020\/07\/Signage_07-300x300.jpg\" class=\"attachment-thumbnail size-thumbnail\" alt=\"-\" loading=\"lazy\" title=\"\"><\/a>\n\t\t\t<\/div><\/figure><figure class='gallery-item'>\n\t\t\t<div class='gallery-icon landscape'>\n\t\t\t\t<a href='https:\/\/www.ideattack.com\/vn\/media\/2020\/07\/Signage_06.jpg'><img width=\"300\" height=\"300\" src=\"https:\/\/www.ideattack.com\/vn\/media\/2020\/07\/Signage_06-300x300.jpg\" class=\"attachment-thumbnail size-thumbnail\" alt=\"-\" loading=\"lazy\" title=\"\"><\/a>\n\t\t\t<\/div><\/figure><figure class='gallery-item'>\n\t\t\t<div class='gallery-icon landscape'>\n\t\t\t\t<a href='https:\/\/www.ideattack.com\/vn\/media\/2020\/07\/Signage_05.jpg'><img width=\"300\" height=\"300\" src=\"https:\/\/www.ideattack.com\/vn\/media\/2020\/07\/Signage_05-300x300.jpg\" class=\"attachment-thumbnail size-thumbnail\" alt=\"-\" loading=\"lazy\" title=\"\"><\/a>\n\t\t\t<\/div><\/figure><figure class='gallery-item'>\n\t\t\t<div class='gallery-icon landscape'>\n\t\t\t\t<a href='https:\/\/www.ideattack.com\/vn\/media\/2020\/07\/Signage_04.jpg'><img width=\"300\" height=\"300\" src=\"https:\/\/www.ideattack.com\/vn\/media\/2020\/07\/Signage_04-300x300.jpg\" class=\"attachment-thumbnail size-thumbnail\" alt=\"-\" loading=\"lazy\" title=\"\"><\/a>\n\t\t\t<\/div><\/figure><figure class='gallery-item'>\n\t\t\t<div class='gallery-icon landscape'>\n\t\t\t\t<a href='https:\/\/www.ideattack.com\/vn\/media\/2020\/07\/Signage_03.jpg'><img width=\"300\" height=\"300\" src=\"https:\/\/www.ideattack.com\/vn\/media\/2020\/07\/Signage_03-300x300.jpg\" class=\"attachment-thumbnail size-thumbnail\" alt=\"-\" loading=\"lazy\" title=\"\"><\/a>\n\t\t\t<\/div><\/figure><figure class='gallery-item'>\n\t\t\t<div class='gallery-icon landscape'>\n\t\t\t\t<a href='https:\/\/www.ideattack.com\/vn\/media\/2020\/07\/Signage_02.jpg'><img width=\"300\" height=\"300\" src=\"https:\/\/www.ideattack.com\/vn\/media\/2020\/07\/Signage_02-300x300.jpg\" class=\"attachment-thumbnail size-thumbnail\" alt=\"-\" loading=\"lazy\" title=\"\"><\/a>\n\t\t\t<\/div><\/figure><figure class='gallery-item'>\n\t\t\t<div class='gallery-icon landscape'>\n\t\t\t\t<a href='https:\/\/www.ideattack.com\/vn\/media\/2020\/07\/Signage_01.jpg'><img width=\"300\" height=\"300\" src=\"https:\/\/www.ideattack.com\/vn\/media\/2020\/07\/Signage_01-300x300.jpg\" class=\"attachment-thumbnail size-thumbnail\" alt=\"-\" loading=\"lazy\" title=\"\"><\/a>\n\t\t\t<\/div><\/figure>\n\t\t<\/div>\n\n","protected":false},"excerpt":{"rendered":"<p>Li\u1ec7u m\u00e1i c\u1eeda c\u1ee7a \u0111i\u1ec3m tham quan ho\u1eb7c bi\u1ec3n ch\u1ec9 \u0111\u01b0\u1eddng c\u00f3 ch\u1ec9 kh\u00e1ch tham quan \u0111\u1ebfn nh\u00e0 v\u1ec7 sinh g\u1ea7n nh\u1ea5t, ch\u1ec9 \u0111\u01b0\u1eddng trong c\u00f4ng vi\u00ean ch\u1ee7 \u0111\u1ec1 hay \u0111i\u1ec3m tham quan hay kh\u00f4ng l\u00e0 \u0111i\u1ec1u c\u1ef1c k\u1ef3 quan tr\u1ecdng, kh\u00f4ng ch\u1ec9 v\u00ec l\u1ee3i \u00edch c\u1ee7a lu\u1ed3ng kh\u00e1ch; m\u00e0 \u0111\u00e2y c\u0169ng l\u00e0 m\u1ed9t ph\u1ea7n trong ch\u1ee7 \u0111\u1ec1 t\u1ed5ng th\u1ec3 v\u00e0 c\u00e2u chuy\u1ec7n m\u00e0 b\u1ea1n s\u1ebd k\u1ec3, \u00edt nh\u1ea5t l\u00e0 v\u1ec1 m\u1eb7t th\u1ea9m m\u1ef9. \u0110i\u1ec1u n\u00e0y \u0111\u00f2i h\u1ecfi ngh\u1ec7 s\u0129 \u0111\u1ed3 h\u1ecda s\u00e1ng t\u1ea1o ph\u1ea3i c\u00f3 k\u1ef9 n\u0103ng ph\u00f9 h\u1ee3p \u0111\u1ec3 hi\u1ec3u s\u1ef1 c\u1ea7n thi\u1ebft ph\u1ea3i th\u00f4ng b\u00e1o cho m\u1ecdi&#8230;<\/p>\n","protected":false},"author":1,"featured_media":564,"parent":331,"menu_order":80,"comment_status":"closed","ping_status":"closed","template":"","meta":[],"_links":{"self":[{"href":"https:\/\/www.ideattack.com\/vn\/wp-json\/wp\/v2\/pages\/410"}],"collection":[{"href":"https:\/\/www.ideattack.com\/vn\/wp-json\/wp\/v2\/pages"}],"about":[{"href":"https:\/\/www.ideattack.com\/vn\/wp-json\/wp\/v2\/types\/page"}],"author":[{"embeddable":true,"href":"https:\/\/www.ideattack.com\/vn\/wp-json\/wp\/v2\/users\/1"}],"replies":[{"embeddable":true,"href":"https:\/\/www.ideattack.com\/vn\/wp-json\/wp\/v2\/comments?post=410"}],"version-history":[{"count":7,"href":"https:\/\/www.ideattack.com\/vn\/wp-json\/wp\/v2\/pages\/410\/revisions"}],"predecessor-version":[{"id":1630,"href":"https:\/\/www.ideattack.com\/vn\/wp-json\/wp\/v2\/pages\/410\/revisions\/1630"}],"up":[{"embeddable":true,"href":"https:\/\/www.ideattack.com\/vn\/wp-json\/wp\/v2\/pages\/331"}],"wp:featuredmedia":[{"embeddable":true,"href":"https:\/\/www.ideattack.com\/vn\/wp-json\/wp\/v2\/media\/564"}],"wp:attachment":[{"href":"https:\/\/www.ideattack.com\/vn\/wp-json\/wp\/v2\/media?parent=410"}],"curies":[{"name":"wp","href":"https:\/\/api.w.org\/{rel}","templated":true}]}}